{"id":769,"date":"2020-11-28T00:00:00","date_gmt":"2020-11-28T00:00:00","guid":{"rendered":"http:\/\/www.grefieri.ro:808\/index.php\/echipa-sng\/"},"modified":"2026-03-17T10:14:43","modified_gmt":"2026-03-17T10:14:43","slug":"echipa-sng","status":"publish","type":"page","link":"https:\/\/www.grefieri.ro\/?page_id=769","title":{"rendered":"Echipa SNG"},"content":{"rendered":"\t\t<div data-elementor-type=\"wp-page\" data-elementor-id=\"769\" class=\"elementor elementor-769\" data-elementor-post-type=\"page\">\n\t\t\t\t\t\t<section class=\"ob-is-breaking-bad elementor-section elementor-top-section elementor-element elementor-element-f19e4af elementor-section-boxed elementor-section-height-default elementor-section-height-default\" data-id=\"f19e4af\" data-element_type=\"section\" data-e-type=\"section\" data-settings=\"{&quot;_ob_bbad_use_it&quot;:&quot;yes&quot;,&quot;_ob_bbad_sssic_use&quot;:&quot;no&quot;,&quot;_ob_glider_is_slider&quot;:&quot;no&quot;}\">\n\t\t\t\t\t\t<div class=\"elementor-container elementor-column-gap-default\">\n\t\t\t\t\t<div class=\"elementor-column elementor-col-100 elementor-top-column elementor-element elementor-element-9c9f537\" data-id=\"9c9f537\" data-element_type=\"column\" data-e-type=\"column\" data-settings=\"{&quot;background_background&quot;:&quot;classic&quot;,&quot;_ob_bbad_is_stalker&quot;:&quot;no&quot;,&quot;_ob_teleporter_use&quot;:false,&quot;_ob_column_hoveranimator&quot;:&quot;no&quot;,&quot;_ob_column_has_pseudo&quot;:&quot;no&quot;}\">\n\t\t\t<div class=\"elementor-widget-wrap elementor-element-populated\">\n\t\t\t\t\t\t<div class=\"elementor-element elementor-element-115d90f elementor-widget__width-initial ob-harakiri-inherit ob-has-background-overlay elementor-widget elementor-widget-text-editor\" data-id=\"115d90f\" data-element_type=\"widget\" data-e-type=\"widget\" data-settings=\"{&quot;_ob_use_harakiri&quot;:&quot;yes&quot;,&quot;_ob_harakiri_writing_mode&quot;:&quot;inherit&quot;,&quot;_ob_postman_use&quot;:&quot;no&quot;,&quot;_ob_perspektive_use&quot;:&quot;no&quot;,&quot;_ob_poopart_use&quot;:&quot;yes&quot;,&quot;_ob_shadough_use&quot;:&quot;no&quot;,&quot;_ob_allow_hoveranimator&quot;:&quot;no&quot;,&quot;_ob_widget_stalker_use&quot;:&quot;no&quot;}\" data-widget_type=\"text-editor.default\">\n\t\t\t\t<div class=\"elementor-widget-container\">\n\t\t\t\t\t\t\t\t\t<h2><strong>Echipa SNG<\/strong><\/h2>\n<h3><strong>Consiliul de conducere<\/strong><\/h3>\n<p><strong>Domnul judec\u0103tor ADRIAN-REMUS GHICULESCU <\/strong>&#8211; Directorul \u0218colii Na\u021bionale de Grefieri<\/p>\n<p><strong>Doamna judec\u0103tor SIMONA-CAMELIA MARCU<\/strong> &#8211; Directorul Institutului Na\u0163ional al Magistraturii<\/p>\n<p><strong>Doamna judec\u0103tor VLADU-CREVON M\u0102D\u0102LINA-ELENA<\/strong> &#8211; \u00cenalta Curte de Casa\u021bie \u0219i Justi\u021bie &#8211; Sec\u021bia de contencios administrativ \u0219i fiscal, reprezentant al judec\u0103torilor<\/p>\n<p><strong>Domnul procuror LAJOS IMRE MIKLOS<\/strong> &#8211;&nbsp; Parchetul de pe l\u00e2ng\u0103 Curtea de Apel Bucure\u0219ti, reprezentant al procurorilor<\/p>\n<p><strong>Doamna grefier ANDREEA-RALUCA BRATU &#8211; <\/strong>personal de instruire propriu S.N.G., reprezentant al formatorilor<\/p>\n<p><strong style=\"background-color: var( --e-global-color-43ff5ae ); color: var( --e-global-color-text ); font-family: var( --e-global-typography-text-font-family ), Sans-serif; font-size: var( --e-global-typography-text-font-size );\">Domnul NICOLAE-C\u0102T\u0102LIN MAGDALENA \u2013<\/strong><span style=\"background-color: var( --e-global-color-43ff5ae ); color: var( --e-global-color-text ); font-family: var( --e-global-typography-text-font-family ), Sans-serif; font-size: var( --e-global-typography-text-font-size ); font-weight: var( --e-global-typography-text-font-weight );\"> reprezentant al formatorilor<\/span><\/p>\n<p>Reprezentantul Direc\u021biei resurse umane \u0219i organizare din cadrul C.S.M.<\/p>\n<p>Doi reprezentan\u021bi ai cursan\u021bilor S.N.G., ale\u0219i pe durata studiilor.<\/p>\n<p><strong>Directorul \u015ecolii<\/strong><\/p>\n<p><strong>Judec\u0103tor&nbsp;<\/strong><strong>ADRIAN-REMUS GHICULESCU<\/strong> &#8211; \u00cenalta Curte de Casa\u021bie \u0219i Justi\u021bie<\/p>\n<p><strong>Directorii adjunc\u0163i<\/strong><\/p>\n<p><strong>Departamentul de formare profesional\u0103 ini\u0163ial\u0103<\/strong><\/p>\n<p><strong>Judec\u0103tor ANCU\u021aA PURA <\/strong>&#8211; Curtea de Apel Cluj<\/p>\n<p><strong>Departamentul de formare profesional\u0103 continu\u0103<\/strong><\/p>\n<p><strong>Judec\u0103tor ANDREI-DORIN B\u0102NCIL\u0102 <\/strong>&#8211; Curtea de Apel Bucure\u0219ti<\/p>\n<p><strong>Director DEFA<\/strong><\/p>\n<p><strong>DANIELA TRU\u021a\u0102 <\/strong>&#8211; economist<\/p>\n<p><strong>&nbsp;<\/strong><\/p>\n<p><strong>Departamentul de formare profesional\u0103 ini\u0163ial\u0103<\/strong><\/p>\n<p><strong style=\"font-family: var( --e-global-typography-text-font-family ), Sans-serif; font-size: var( --e-global-typography-text-font-size );\">Judec\u0103tor ALINA-PETRONELA MO\u0218NEAGU<\/strong> &#8211; Curtea de Apel Bucure\u0219ti, sec\u021bia a II-a Penal\u0103<\/p>\n<p><strong>Grefier DENIS MALCIU <\/strong>&#8211; Tribunalul Bucure\u0219ti<\/p>\n<p><strong>Grefier C\u0102T\u0102LIN MARIAN \u021aI\u021aIRIG\u0102<\/strong>&nbsp;&#8211; Parchetul de pe l\u00e2ng\u0103 Judec\u0103toria sectorului 3, Bucure\u0219ti<\/p>\n<p><span style=\"font-weight: bolder;\">Grefier OTILIA-ANDREEA DAVIDOIU<\/span>&nbsp;&#8211; Judec\u0103toria sectorului 2, Bucure\u0219ti<\/p>\n<p><strong>IRINA \u021a\u0102RANU<\/strong> &#8211; consilier (contract suspendat)<\/p>\n<p><b>Grefier MARIA ENACHE<\/b> &#8211; Tribunalul Bucure\u0219ti<\/p>\n<p><span style=\"font-weight: bolder;\">Judec\u0103tor ANDREI IACUBA &#8211;<\/span>Tribunalul pentru Minori \u0219i Familie Bra\u0219ov<\/p>\n<p><strong>&nbsp;<\/strong><\/p>\n<p><strong>Departamentul de formare profesional\u0103 continu\u0103<\/strong><\/p>\n<p><strong style=\"font-family: var( --e-global-typography-text-font-family ), Sans-serif; font-size: var( --e-global-typography-text-font-size );\">Procuror GHEORGHE IFRIM<\/strong><span style=\"font-family: var( --e-global-typography-text-font-family ), Sans-serif; font-size: var( --e-global-typography-text-font-size ); font-weight: var( --e-global-typography-text-font-weight );\">&nbsp;&#8211; Parchetul de pe l\u00e2ng\u0103 Judec\u0103toria B\u00e2rlad<\/span><\/p>\n<p><strong>Judec\u0103tor DANTES MARCOVICI<\/strong> &#8211; Curtea de Apel Bac\u0103u<\/p>\n<p><strong>Grefier ANDREEA-RALUCA BRATU<\/strong>&nbsp;&#8211; Curtea de Apel Bucure\u015fti<\/p>\n<p><strong>Grefier BOGDAN-MARIUS BODISLAV<\/strong>&nbsp;&#8211; Parchetul de pe l\u00e2ng\u0103 Judec\u0103toria Sectorului 4, Bucure\u0219ti<\/p>\n<p><strong>Grefier ALIN-GEORGIAN BORDEA<\/strong>&nbsp;&#8211; Tribunalul Bucure\u0219ti<\/p>\n<p><strong>Grefier AURELIA BULGARU<\/strong> &#8211; Judec\u0103toria Constan\u021ba<\/p>\n<p><strong>Grefier \u0218TEFANIA-ADRIANA RADU<\/strong> &#8211; Judec\u0103toria Sectorului 4, Bucure\u0219ti<\/p>\n<p><span style=\"font-weight: bold;\">Grefier LIVIA-ALINA OANCEA<\/span> &#8211; Judec\u0103toria Cornetu<\/p>\n<p><strong>&nbsp;<\/strong><\/p>\n<p><strong>Departamentul de formare a formatorilor<\/strong><\/p>\n<p><strong>Judec\u0103tor ALINA-IONELA COTOROGEA<\/strong>&nbsp;&#8211; Curtea de Apel Bucure\u0219ti<\/p>\n<p><strong>Grefier NICOLETA ODAGIU<\/strong> &#8211; Parchetul de pe l\u00e2ng\u0103 Judec\u0103toria Sibiu<\/p>\n<p><strong>ADINA STRECHE &#8211;<\/strong>&nbsp;consilier<\/p>\n<p><strong>&nbsp;<\/strong><\/p>\n<p><strong>Departamentul rela\u021bii interna\u021bionale<\/strong><\/p>\n<p><strong>Judec\u0103tor OANA-DANIELA POGORAN<\/strong>&nbsp;&#8211; Curtea de Apel Bucure\u0219ti<\/p>\n<p><strong>Grefier CRISTINA-IZABELA CHIRIAC<\/strong>&nbsp;&#8211; Judec\u0103toria sector 6, Bucure\u0219ti<\/p>\n<p><strong> Grefier GEORGIANA NEAC\u0218U&nbsp;<\/strong>&#8211; Judec\u0103toria sector 6, Bucure\u0219ti<\/p>\n<p><strong>Departamentul economico-financiar \u0219i administrativ<\/strong><\/p>\n<p><strong>PETRONELA STAN<\/strong> &#8211; \u0219ef serviciu &#8211; Serviciul resurse umane \u0219i suport integrat<\/p>\n<p><strong>GEANINA&nbsp;ARHIRE &#8211;&nbsp;<\/strong>expert<\/p>\n<p><strong>MIHAELA-CRISTINA P\u0102UNESCU &#8211; <\/strong>consilier<\/p>\n<p><strong>MARIA GHENU &#8211;&nbsp;<\/strong>consilier<\/p>\n<p><strong>GEORGIANA ALEXANDRA TANGA<\/strong>&nbsp;&#8211; consilier<\/p>\n<p><strong>CARMEN R\u0102ILEANU<\/strong> &#8211; grefier, \u00cenalta Curte de Casa\u021bie \u0219i Justi\u021bie, deta\u0219at pe post de consilier<\/p>\n<p><strong style=\"font-family: var( --e-global-typography-text-font-family ), Sans-serif; font-size: var( --e-global-typography-text-font-size );\">BADEA NICOLAE EMANOEL<\/strong><span style=\"font-family: var( --e-global-typography-text-font-family ), Sans-serif; font-size: var( --e-global-typography-text-font-size ); font-weight: var( --e-global-typography-text-font-weight );\"> &#8211; consilier<\/span><\/p>\n<p><strong>CLAUDIA B\u0102RBAT<\/strong> &#8211; consilier<\/p>\n<p><strong>ILIE-COSMIN TO\u0218U<\/strong>&nbsp;&#8211; consilier<\/p>\n<p><strong>NATALIA-M\u0102D\u0102LINA CR\u0102CAN\u0102<\/strong> &#8211; consilier achizi\u021bii publice<\/p>\n<p><strong>SIMONA PAPADUMITRU<\/strong> &#8211; consilier<\/p>\n<p><strong>ANTOANETA B\u0102NCIL\u0102<\/strong> &#8211; consilier<\/p>\n<p><strong>MIHAELA AVRAM<\/strong> &#8211; consilier<\/p>\n<p><b>ELENA-ADINA BL\u0102NARU<\/b> &#8211; consilier<\/p>\n<p><strong>MARIAN VIL\u0102U<\/strong> &#8211; consilier<\/p>\n<p><strong>CAMI-VERONICA ZAHARIA &#8211;<\/strong>&nbsp;secretar\u0103<\/p>\n<p><strong>EMILEA ASMARANDEI &#8211;&nbsp;<\/strong>muncitor calificat<\/p>\n<div>\n<p><strong>GABRIEL NASTASIA &#8211;&nbsp;<\/strong>portar<\/p>\n<\/div>\n<p><strong>IONEL \u015eOGOR &#8211;&nbsp;<\/strong>muncitor calificat<\/p>\n<p><strong>DORU NI\u021a\u0102<\/strong> &#8211; \u0219ofer<\/p>\t\t\t\t\t\t\t\t<\/div>\n\t\t\t\t<\/div>\n\t\t\t\t\t<\/div>\n\t\t<\/div>\n\t\t\t\t\t<\/div>\n\t\t<\/section>\n\t\t\t\t<\/div>\n\t\t","protected":false},"excerpt":{"rendered":"<p>Echipa SNG Consiliul de conducere Domnul judec\u0103tor ADRIAN-REMUS GHICULESCU &#8211; Directorul \u0218colii Na\u021bionale de Grefieri Doamna judec\u0103tor SIMONA-CAMELIA MARCU &#8211; Directorul Institutului Na\u0163ional al Magistraturii Doamna judec\u0103tor VLADU-CREVON M\u0102D\u0102LINA-ELENA &#8211; \u00cenalta Curte de Casa\u021bie \u0219i Justi\u021bie &#8211; Sec\u021bia de contencios administrativ \u0219i fiscal, reprezentant al judec\u0103torilor Domnul procuror LAJOS IMRE MIKLOS &#8211;&nbsp; Parchetul de pe [&hellip;]<\/p>\n","protected":false},"author":1,"featured_media":4988,"parent":0,"menu_order":0,"comment_status":"closed","ping_status":"closed","template":"","meta":{"footnotes":""},"class_list":["post-769","page","type-page","status-publish","has-post-thumbnail","hentry"],"publishpress_future_action":{"enabled":false,"date":"2026-04-10 23:32:28","action":"change-status","newStatus":"draft","terms":[],"taxonomy":"page_cat","extraData":[]},"publishpress_future_workflow_manual_trigger":{"enabledWorkflows":[]},"_links":{"self":[{"href":"https:\/\/www.grefieri.ro\/index.php?rest_route=\/wp\/v2\/pages\/769","targetHints":{"allow":["GET"]}}],"collection":[{"href":"https:\/\/www.grefieri.ro\/index.php?rest_route=\/wp\/v2\/pages"}],"about":[{"href":"https:\/\/www.grefieri.ro\/index.php?rest_route=\/wp\/v2\/types\/page"}],"author":[{"embeddable":true,"href":"https:\/\/www.grefieri.ro\/index.php?rest_route=\/wp\/v2\/users\/1"}],"replies":[{"embeddable":true,"href":"https:\/\/www.grefieri.ro\/index.php?rest_route=%2Fwp%2Fv2%2Fcomments&post=769"}],"version-history":[{"count":245,"href":"https:\/\/www.grefieri.ro\/index.php?rest_route=\/wp\/v2\/pages\/769\/revisions"}],"predecessor-version":[{"id":19964,"href":"https:\/\/www.grefieri.ro\/index.php?rest_route=\/wp\/v2\/pages\/769\/revisions\/19964"}],"wp:featuredmedia":[{"embeddable":true,"href":"https:\/\/www.grefieri.ro\/index.php?rest_route=\/wp\/v2\/media\/4988"}],"wp:attachment":[{"href":"https:\/\/www.grefieri.ro\/index.php?rest_route=%2Fwp%2Fv2%2Fmedia&parent=769"}],"curies":[{"name":"wp","href":"https:\/\/api.w.org\/{rel}","templated":true}]}}