{"id":766,"date":"2020-11-28T00:00:00","date_gmt":"2020-11-28T00:00:00","guid":{"rendered":"http:\/\/www.grefieri.ro:808\/index.php\/misiune\/"},"modified":"2021-02-25T15:03:23","modified_gmt":"2021-02-25T15:03:23","slug":"misiune","status":"publish","type":"page","link":"https:\/\/www.grefieri.ro\/?page_id=766","title":{"rendered":"Misiune"},"content":{"rendered":"<h2>Misiune<\/h2>\n<p>Scoala Nationala de Grefieri realizeaza at\u00e2t pregatirea profesionala initial\u0103 a viitorilor grefieri, c\u00e2t \u015fi preg\u0103tirea profesional\u0103 continu\u0103 (perfec\u0163ionarea grefierilor \u015fi a celorlalte categorii de personal auxiliar de specialitate care func\u0163ioneaz\u0103 \u00een instan\u0163ele judec\u0103tore\u015fti \u015fi parchetele de pe l\u00e2ng\u0103 acestea), av\u00e2nd urm\u0103toarele obiective:<\/p>\n<ol>\n<li>formarea si dezvoltarea motivatiilor si a atitudinilor (intelectuale, psiho-sociale, axiologice) necesare exercit\u0103rii profesiei de grefier;<\/li>\n<li>\u00eensu\u015firea cuno\u015ftin\u0163elor \u015fi formarea deprinderilor necesare pentru \u00eendeplinirea atribu\u0163iilor specifice, astfel cum acestea sunt reglementate \u00een legisla\u0163ia actual\u0103, dar \u015fi \u00een perspectiva evolu\u0163iei acestei profesii.<\/li>\n<\/ol>\n\n\n<p><\/p>\n\n\n\n<h2 class=\"wp-block-heading\">Istoric<\/h2>\n\n\n\n<p>\u00cenfiin\u0163at\u0103 prin Hot\u0103r\u00e2rea Guvernului nr.423\/1999 privind \u00cenfiin\u0163area Centrului de Preg\u0103tire \u015fi Perfec\u0163ionare a Grefierilor \u015fi a Celuilalt Personal Auxiliar de Specialitate, modificat\u0103 prin H.G.R. nr.985\/2000, \u015ecoala Na\u0163ional\u0103 de Grefieri este reglementat\u0103 prin dispozi\u0163iile capitolului III din Legea nr. 567\/2004 privind Statutul personalului auxiliar de specialitate al instan\u0163elor judec\u0103tore\u015fti \u015fi al parchetelor de pe l\u00e2ng\u0103 acestea.<\/p>\n\n\n\n<p>\u015ecoala Na\u0163ional\u0103 de Grefieri este o institu\u0163ie public\u0103, cu personalitate juridic\u0103, aflat\u0103 \u00een coordonarea Consiliului Superior al Magistraturii, care realizeaz\u0103 formarea ini\u0163ial\u0103 a grefierilor \u015fi a celuilalt personal auxiliar de specialitate al instan\u0163elor judec\u0103tore\u015fti \u015fi al parchetelor de pe l\u00e2nga acestea, precum \u015fi formarea continu\u0103 a acestora, \u00een condi\u0163iile legii. \u015ecoala Na\u0163ional\u0103 de Grefieri este este finan\u0163at\u0103 de la bugetul de stat, prin bugetul Consiliului Superior al Magistraturii, \u00een conditiile legii. \u015ecoala Na\u0163ional\u0103 de Grefieri nu face parte din sistemul na\u0163ional de \u00eenv\u0103\u0163\u0103m\u00e2nt \u015fi educa\u0163ie \u015fi nu este supus\u0103 dispozi\u0163iilor legale \u00een vigoare cu privire la acreditatea institu\u0163iilor de \u00eenv\u0103\u0163\u0103m\u00e2nt \u015fi recunoa\u015fterea diplomelor.<\/p>\n\n\n\n<p>\u015ecoala Na\u0163ional\u0103 de Grefieri este condus\u0103 de un Consiliu de conducere care este format din 9 membri, astfel:<\/p>\n\n\n\n<ul class=\"wp-block-list\"><li>un judec\u0103tor \u015fi un procuror desemna\u0163i de Consiliul Superior al Magistraturii;<\/li><li>2 reprezentan\u0163i ale\u015fi din cadrul personalului de instruire al \u015ecolii Na\u0163ionale de Grefieri;<\/li><li>un reprezentant al Direc\u0163iei resurse umane \u0219i organizare din cadrul Consiliului Superior al Magistraturii;<\/li><li>directorul Institutului Na\u0163ional al Magistraturii;<\/li><li>2 reprezentan\u0163i ai cursan\u0163ilor, unul dintre cursan\u0163ii cu studii juridice superioare \u015fi unul dintre cursan\u0163ii cu studii medii, ale\u015fi pe durata cursurilor; \u00een situa\u021bia \u00een care nu exist\u0103 cursan\u021bi cu studii medii, cei 2 reprezentan\u021bi ai cursan\u021bilor sunt ale\u0219i din r\u00e2ndul cursan\u021bilor cu studii superioare juridice;<\/li><li>directorul \u015ecolii Na\u0163ionale de Grefieri, care face parte de drept din consiliul de conducere \u015fi prezideaz\u0103 \u015fedin\u0163ele acestuia.<\/li><\/ul>\n\n\n\n<p>Conducerea curent\u0103 a \u015ecolii Na\u0163ionale de Grefieri este asigurat\u0103 de director, doi directori adjunc\u0163i \u015fi un director economic.<\/p>\n\n\n\n<p><\/p>\n\n\n\n<h2 class=\"wp-block-heading\">Strategia \u0218colii Na\u021bionale de Grefieri  2017 &#8211; 2020<\/h2>\n\n\n\n<div class=\"wp-block-file\"><a href=\"https:\/\/www.grefieri.ro\/wp-content\/uploads\/2021\/02\/20170710HCSM-655-din-12-iunie-2017.pdf\">20170710HCSM-655-din-12-iunie-2017<\/a><a href=\"https:\/\/www.grefieri.ro\/wp-content\/uploads\/2021\/02\/20170710HCSM-655-din-12-iunie-2017.pdf\" class=\"wp-block-file__button\" download>Descarc\u0103<\/a><\/div>\n","protected":false},"excerpt":{"rendered":"<p>Misiune Scoala Nationala de Grefieri realizeaza at\u00e2t pregatirea profesionala initial\u0103 a viitorilor grefieri, c\u00e2t \u015fi preg\u0103tirea profesional\u0103 continu\u0103 (perfec\u0163ionarea grefierilor \u015fi a celorlalte categorii de personal auxiliar de specialitate care func\u0163ioneaz\u0103 \u00een instan\u0163ele judec\u0103tore\u015fti \u015fi parchetele de pe l\u00e2ng\u0103 acestea), av\u00e2nd urm\u0103toarele obiective: formarea si dezvoltarea motivatiilor si a atitudinilor (intelectuale, psiho-sociale, axiologice) necesare exercit\u0103rii [&hellip;]<\/p>\n","protected":false},"author":1,"featured_media":4988,"parent":0,"menu_order":0,"comment_status":"closed","ping_status":"closed","template":"","meta":{"footnotes":""},"class_list":["post-766","page","type-page","status-publish","has-post-thumbnail","hentry"],"publishpress_future_action":{"enabled":false,"date":"2026-05-07 13:23:24","action":"change-status","newStatus":"draft","terms":[],"taxonomy":"page_cat","extraData":[]},"publishpress_future_workflow_manual_trigger":{"enabledWorkflows":[]},"_links":{"self":[{"href":"https:\/\/www.grefieri.ro\/index.php?rest_route=\/wp\/v2\/pages\/766","targetHints":{"allow":["GET"]}}],"collection":[{"href":"https:\/\/www.grefieri.ro\/index.php?rest_route=\/wp\/v2\/pages"}],"about":[{"href":"https:\/\/www.grefieri.ro\/index.php?rest_route=\/wp\/v2\/types\/page"}],"author":[{"embeddable":true,"href":"https:\/\/www.grefieri.ro\/index.php?rest_route=\/wp\/v2\/users\/1"}],"replies":[{"embeddable":true,"href":"https:\/\/www.grefieri.ro\/index.php?rest_route=%2Fwp%2Fv2%2Fcomments&post=766"}],"version-history":[{"count":0,"href":"https:\/\/www.grefieri.ro\/index.php?rest_route=\/wp\/v2\/pages\/766\/revisions"}],"wp:featuredmedia":[{"embeddable":true,"href":"https:\/\/www.grefieri.ro\/index.php?rest_route=\/wp\/v2\/media\/4988"}],"wp:attachment":[{"href":"https:\/\/www.grefieri.ro\/index.php?rest_route=%2Fwp%2Fv2%2Fmedia&parent=766"}],"curies":[{"name":"wp","href":"https:\/\/api.w.org\/{rel}","templated":true}]}}