{"id":1779,"date":"2021-02-12T20:43:37","date_gmt":"2021-02-12T20:43:37","guid":{"rendered":"http:\/\/www.grefieri.ro:808\/?page_id=1779"},"modified":"2026-01-12T09:44:52","modified_gmt":"2026-01-12T09:44:52","slug":"echipa-defa","status":"publish","type":"page","link":"https:\/\/www.grefieri.ro\/?page_id=1779","title":{"rendered":"Echipa DEFA"},"content":{"rendered":"\t\t<div data-elementor-type=\"wp-page\" data-elementor-id=\"1779\" class=\"elementor elementor-1779\" data-elementor-post-type=\"page\">\n\t\t\t\t\t\t<section class=\"ob-is-breaking-bad elementor-section elementor-top-section elementor-element elementor-element-d22e05a elementor-section-boxed elementor-section-height-default elementor-section-height-default\" data-id=\"d22e05a\" data-element_type=\"section\" data-e-type=\"section\" data-settings=\"{&quot;_ob_bbad_use_it&quot;:&quot;yes&quot;,&quot;_ob_bbad_sssic_use&quot;:&quot;no&quot;,&quot;_ob_glider_is_slider&quot;:&quot;no&quot;}\">\n\t\t\t\t\t\t<div class=\"elementor-container elementor-column-gap-default\">\n\t\t\t\t\t<div class=\"elementor-column elementor-col-100 elementor-top-column elementor-element elementor-element-0d77e00\" data-id=\"0d77e00\" data-element_type=\"column\" data-e-type=\"column\" data-settings=\"{&quot;background_background&quot;:&quot;classic&quot;,&quot;_ob_bbad_is_stalker&quot;:&quot;no&quot;,&quot;_ob_teleporter_use&quot;:false,&quot;_ob_column_hoveranimator&quot;:&quot;no&quot;,&quot;_ob_column_has_pseudo&quot;:&quot;no&quot;}\">\n\t\t\t<div class=\"elementor-widget-wrap elementor-element-populated\">\n\t\t\t\t\t\t<div class=\"elementor-element elementor-element-0b3513a ob-harakiri-inherit ob-has-background-overlay elementor-widget elementor-widget-text-editor\" data-id=\"0b3513a\" data-element_type=\"widget\" data-e-type=\"widget\" data-settings=\"{&quot;_ob_use_harakiri&quot;:&quot;yes&quot;,&quot;_ob_harakiri_writing_mode&quot;:&quot;inherit&quot;,&quot;_ob_postman_use&quot;:&quot;no&quot;,&quot;_ob_perspektive_use&quot;:&quot;no&quot;,&quot;_ob_poopart_use&quot;:&quot;yes&quot;,&quot;_ob_shadough_use&quot;:&quot;no&quot;,&quot;_ob_allow_hoveranimator&quot;:&quot;no&quot;,&quot;_ob_widget_stalker_use&quot;:&quot;no&quot;}\" data-widget_type=\"text-editor.default\">\n\t\t\t\t<div class=\"elementor-widget-container\">\n\t\t\t\t\t\t\t\t\t<h2><strong>Departamentul economico-financiar \u0219i administrativ (<\/strong><strong>DEFA)<\/strong><\/h2><p><strong>Director<\/strong><\/p><p><strong>DANIELA TRU\u021a\u0102 &#8211; <\/strong>economist<\/p><p><strong>Membri<\/strong><\/p><p><strong>PETRONELA STAN<\/strong> &#8211; \u0219ef serviciu &#8211; Serviciul resurse umane \u0219i suport integrat<\/p><p><strong>GEANINA\u00a0ARHIRE &#8211;\u00a0<\/strong>expert<\/p><p><strong>MIHAELA CRISTINA P\u0102UNESCU &#8211;\u00a0<\/strong>consilier (specialist IT)<\/p><p><strong>MARIA GHENU &#8211;\u00a0<\/strong>consilier<\/p><p><strong>GEORGIANA ALEXANDRA TANGA<\/strong> &#8211; consilier juridic<\/p><p><strong>NICOLAE EMANOEL BADEA<\/strong> &#8211; consilier (specialist IT)<\/p><p><strong>CARMEN R\u0102ILEANU<\/strong> &#8211; grefier, \u00cenalta Curte de Casa\u021bie \u0219i Justi\u021bie, deta\u0219at pe post de consilier<\/p><p><strong>NATALIA &#8211; M\u0102D\u0102LINA CR\u0102CAN\u0102<\/strong> &#8211; consilier achizi\u021bii<\/p><p><strong>SIMONA PAPADUMITRU<\/strong> &#8211; consilier<\/p><p><b>ANTOANETA B\u0102NCIL\u0102 <\/b>&#8211; consilier<\/p><p><strong>CLAUDIA B\u0102RBAT<\/strong> &#8211; consilier<\/p><p><strong>ILIE-COSMIN TO\u0218U<\/strong>\u00a0&#8211; consilier<\/p><p><strong>MIHAELA AVRAM<\/strong> &#8211; consilier<\/p><p><b>ELENA-ADINA BL\u0102NARU<\/b> &#8211; consilier<\/p><p><strong>MARIAN VIL\u0102U<\/strong> &#8211; consilier<\/p><p><strong>CAMI-VERONICA ZAHARIA &#8211;<\/strong>\u00a0secretar\u0103<\/p><p><strong>EMILEA ASMARANDEI &#8211;\u00a0<\/strong>muncitor calificat<\/p><p><strong>DORU NI\u021a\u0102<\/strong> &#8211; \u0219ofer<\/p><div><p><strong>GABRIEL NASTASIA &#8211;\u00a0<\/strong>portar<\/p><\/div><p><strong>IONEL \u015eOGOR &#8211;\u00a0<\/strong>muncitor calificat<\/p>\t\t\t\t\t\t\t\t<\/div>\n\t\t\t\t<\/div>\n\t\t\t\t\t<\/div>\n\t\t<\/div>\n\t\t\t\t\t<\/div>\n\t\t<\/section>\n\t\t\t\t<\/div>\n\t\t","protected":false},"excerpt":{"rendered":"<p>Departamentul economico-financiar \u0219i administrativ (DEFA) Director DANIELA TRU\u021a\u0102 &#8211; economist Membri PETRONELA STAN &#8211; \u0219ef serviciu &#8211; Serviciul resurse umane \u0219i suport integrat GEANINA\u00a0ARHIRE &#8211;\u00a0expert MIHAELA CRISTINA P\u0102UNESCU &#8211;\u00a0consilier (specialist IT) MARIA GHENU &#8211;\u00a0consilier GEORGIANA ALEXANDRA TANGA &#8211; consilier juridic NICOLAE EMANOEL BADEA &#8211; consilier (specialist IT) CARMEN R\u0102ILEANU &#8211; grefier, \u00cenalta Curte de Casa\u021bie [&hellip;]<\/p>\n","protected":false},"author":6,"featured_media":4988,"parent":1816,"menu_order":0,"comment_status":"closed","ping_status":"closed","template":"","meta":{"footnotes":""},"class_list":["post-1779","page","type-page","status-publish","has-post-thumbnail","hentry"],"publishpress_future_action":{"enabled":false,"date":"2026-05-08 03:57:24","action":"change-status","newStatus":"draft","terms":[],"taxonomy":"page_cat","extraData":[]},"publishpress_future_workflow_manual_trigger":{"enabledWorkflows":[]},"_links":{"self":[{"href":"https:\/\/www.grefieri.ro\/index.php?rest_route=\/wp\/v2\/pages\/1779","targetHints":{"allow":["GET"]}}],"collection":[{"href":"https:\/\/www.grefieri.ro\/index.php?rest_route=\/wp\/v2\/pages"}],"about":[{"href":"https:\/\/www.grefieri.ro\/index.php?rest_route=\/wp\/v2\/types\/page"}],"author":[{"embeddable":true,"href":"https:\/\/www.grefieri.ro\/index.php?rest_route=\/wp\/v2\/users\/6"}],"replies":[{"embeddable":true,"href":"https:\/\/www.grefieri.ro\/index.php?rest_route=%2Fwp%2Fv2%2Fcomments&post=1779"}],"version-history":[{"count":61,"href":"https:\/\/www.grefieri.ro\/index.php?rest_route=\/wp\/v2\/pages\/1779\/revisions"}],"predecessor-version":[{"id":19688,"href":"https:\/\/www.grefieri.ro\/index.php?rest_route=\/wp\/v2\/pages\/1779\/revisions\/19688"}],"up":[{"embeddable":true,"href":"https:\/\/www.grefieri.ro\/index.php?rest_route=\/wp\/v2\/pages\/1816"}],"wp:featuredmedia":[{"embeddable":true,"href":"https:\/\/www.grefieri.ro\/index.php?rest_route=\/wp\/v2\/media\/4988"}],"wp:attachment":[{"href":"https:\/\/www.grefieri.ro\/index.php?rest_route=%2Fwp%2Fv2%2Fmedia&parent=1779"}],"curies":[{"name":"wp","href":"https:\/\/api.w.org\/{rel}","templated":true}]}}