{"id":1764,"date":"2021-02-12T20:34:45","date_gmt":"2021-02-12T20:34:45","guid":{"rendered":"http:\/\/www.grefieri.ro:808\/?page_id=1764"},"modified":"2021-04-12T08:47:20","modified_gmt":"2021-04-12T08:47:20","slug":"activitate-dff","status":"publish","type":"page","link":"https:\/\/www.grefieri.ro\/?page_id=1764","title":{"rendered":"Activitate DFF"},"content":{"rendered":"\n<p>Potrivit art. 52 din <em>Regulamentul de organizare \u015fi func\u0163ionare al \u015ecolii Na\u0163ionale de Grefieri<\/em>, aprobat prin Hot\u0103r\u00e2rea Consiliului Superior al Magistraturii nr. 183\/2007, cu modific\u0103rile \u015fi complet\u0103rile ulterioare, <strong>Departamentul de formare a formatorilor<\/strong> realizeaz\u0103 recrutarea, formarea \u0219i evaluarea formatorilor, potrivit strategiei \u0219i <em>Statutului personalului de instruire al \u015ecolii Na\u0163ionale de Grefieri<\/em>, aprobat prin Hot\u0103r\u00e2rea Plenului Consiliului Superior al Magistraturii nr. 1388\/2016, cu modific\u0103rile aduse prin Hot\u0103r\u00e2rea nr. 97\/2019.<\/p>\n\n\n\n<p>Procedurile privind recrutarea, evaluarea, suspendarea \u0219i \u00eencetarea din func\u021bie, precum \u0219i atribu\u021biile, drepturile si \u00eendatoririle personalului de instruire al \u0218colii Na\u021bionale de Grefieri sunt reglementate \u00een mod detaliat \u00een <em>Statutul personalului de instruire al \u015ecolii Na\u0163ionale de Grefieri<\/em>, aprobat prin Hot\u0103r\u00e2rea Plenului Consiliului Superior al Magistraturii nr. 1388\/2016, cu modific\u0103rile aduse prin Hot\u0103r\u00e2rea nr. 97\/2019.<\/p>\n\n\n\n<figure class=\"wp-block-image size-large\"><img fetchpriority=\"high\" decoding=\"async\" width=\"1024\" height=\"682\" src=\"https:\/\/www.grefieri.ro\/wp-content\/uploads\/2021\/04\/scrabble-4370349_1920-1024x682.jpg\" alt=\"\" class=\"wp-image-11085\" srcset=\"https:\/\/www.grefieri.ro\/wp-content\/uploads\/2021\/04\/scrabble-4370349_1920-1024x682.jpg 1024w, https:\/\/www.grefieri.ro\/wp-content\/uploads\/2021\/04\/scrabble-4370349_1920-300x200.jpg 300w, https:\/\/www.grefieri.ro\/wp-content\/uploads\/2021\/04\/scrabble-4370349_1920-768x512.jpg 768w, https:\/\/www.grefieri.ro\/wp-content\/uploads\/2021\/04\/scrabble-4370349_1920-1536x1023.jpg 1536w, https:\/\/www.grefieri.ro\/wp-content\/uploads\/2021\/04\/scrabble-4370349_1920.jpg 1920w\" sizes=\"(max-width: 1024px) 100vw, 1024px\" \/><\/figure>\n","protected":false},"excerpt":{"rendered":"<p>Potrivit art. 52 din Regulamentul de organizare \u015fi func\u0163ionare al \u015ecolii Na\u0163ionale de Grefieri, aprobat prin Hot\u0103r\u00e2rea Consiliului Superior al Magistraturii nr. 183\/2007, cu modific\u0103rile \u015fi complet\u0103rile ulterioare, Departamentul de formare a formatorilor realizeaz\u0103 recrutarea, formarea \u0219i evaluarea formatorilor, potrivit strategiei \u0219i Statutului personalului de instruire al \u015ecolii Na\u0163ionale de Grefieri, aprobat prin Hot\u0103r\u00e2rea Plenului [&hellip;]<\/p>\n","protected":false},"author":5,"featured_media":4988,"parent":1814,"menu_order":0,"comment_status":"closed","ping_status":"closed","template":"","meta":{"footnotes":""},"class_list":["post-1764","page","type-page","status-publish","has-post-thumbnail","hentry"],"publishpress_future_action":{"enabled":false,"date":"2026-04-24 14:40:21","action":"change-status","newStatus":"draft","terms":[],"taxonomy":"page_cat","extraData":[]},"publishpress_future_workflow_manual_trigger":{"enabledWorkflows":[]},"_links":{"self":[{"href":"https:\/\/www.grefieri.ro\/index.php?rest_route=\/wp\/v2\/pages\/1764","targetHints":{"allow":["GET"]}}],"collection":[{"href":"https:\/\/www.grefieri.ro\/index.php?rest_route=\/wp\/v2\/pages"}],"about":[{"href":"https:\/\/www.grefieri.ro\/index.php?rest_route=\/wp\/v2\/types\/page"}],"author":[{"embeddable":true,"href":"https:\/\/www.grefieri.ro\/index.php?rest_route=\/wp\/v2\/users\/5"}],"replies":[{"embeddable":true,"href":"https:\/\/www.grefieri.ro\/index.php?rest_route=%2Fwp%2Fv2%2Fcomments&post=1764"}],"version-history":[{"count":4,"href":"https:\/\/www.grefieri.ro\/index.php?rest_route=\/wp\/v2\/pages\/1764\/revisions"}],"predecessor-version":[{"id":11087,"href":"https:\/\/www.grefieri.ro\/index.php?rest_route=\/wp\/v2\/pages\/1764\/revisions\/11087"}],"up":[{"embeddable":true,"href":"https:\/\/www.grefieri.ro\/index.php?rest_route=\/wp\/v2\/pages\/1814"}],"wp:featuredmedia":[{"embeddable":true,"href":"https:\/\/www.grefieri.ro\/index.php?rest_route=\/wp\/v2\/media\/4988"}],"wp:attachment":[{"href":"https:\/\/www.grefieri.ro\/index.php?rest_route=%2Fwp%2Fv2%2Fmedia&parent=1764"}],"curies":[{"name":"wp","href":"https:\/\/api.w.org\/{rel}","templated":true}]}}