{"id":1676,"date":"2021-02-12T18:46:34","date_gmt":"2021-02-12T18:46:34","guid":{"rendered":"http:\/\/www.grefieri.ro:808\/?page_id=1676"},"modified":"2021-04-07T08:54:47","modified_gmt":"2021-04-07T08:54:47","slug":"activitate-dri","status":"publish","type":"page","link":"https:\/\/www.grefieri.ro\/?page_id=1676","title":{"rendered":"Activitate DRI"},"content":{"rendered":"\t\t<div data-elementor-type=\"wp-page\" data-elementor-id=\"1676\" class=\"elementor elementor-1676\" data-elementor-post-type=\"page\">\n\t\t\t\t\t\t<section class=\"ob-is-breaking-bad elementor-section elementor-top-section elementor-element elementor-element-70a7b1d elementor-section-boxed elementor-section-height-default elementor-section-height-default\" data-id=\"70a7b1d\" data-element_type=\"section\" data-e-type=\"section\" data-settings=\"{&quot;_ob_bbad_use_it&quot;:&quot;yes&quot;,&quot;_ob_bbad_sssic_use&quot;:&quot;no&quot;,&quot;_ob_glider_is_slider&quot;:&quot;no&quot;}\">\n\t\t\t\t\t\t<div class=\"elementor-container elementor-column-gap-default\">\n\t\t\t\t\t<div class=\"elementor-column elementor-col-100 elementor-top-column elementor-element elementor-element-bfb5fd2\" data-id=\"bfb5fd2\" data-element_type=\"column\" data-e-type=\"column\" data-settings=\"{&quot;_ob_bbad_is_stalker&quot;:&quot;no&quot;,&quot;_ob_teleporter_use&quot;:false,&quot;_ob_column_hoveranimator&quot;:&quot;no&quot;,&quot;_ob_column_has_pseudo&quot;:&quot;no&quot;}\">\n\t\t\t<div class=\"elementor-widget-wrap elementor-element-populated\">\n\t\t\t\t\t\t<div class=\"elementor-element elementor-element-bceb38f ob-harakiri-inherit ob-has-background-overlay elementor-widget elementor-widget-heading\" data-id=\"bceb38f\" data-element_type=\"widget\" data-e-type=\"widget\" data-settings=\"{&quot;_ob_use_harakiri&quot;:&quot;yes&quot;,&quot;_ob_harakiri_writing_mode&quot;:&quot;inherit&quot;,&quot;_ob_harakiri_text_clip&quot;:&quot;none&quot;,&quot;_ob_perspektive_use&quot;:&quot;no&quot;,&quot;_ob_poopart_use&quot;:&quot;yes&quot;,&quot;_ob_shadough_use&quot;:&quot;no&quot;,&quot;_ob_allow_hoveranimator&quot;:&quot;no&quot;,&quot;_ob_widget_stalker_use&quot;:&quot;no&quot;}\" data-widget_type=\"heading.default\">\n\t\t\t\t<div class=\"elementor-widget-container\">\n\t\t\t\t\t<h1 class=\"elementor-heading-title elementor-size-default\">Activitate DRI<\/h1>\t\t\t\t<\/div>\n\t\t\t\t<\/div>\n\t\t\t\t\t<\/div>\n\t\t<\/div>\n\t\t\t\t\t<\/div>\n\t\t<\/section>\n\t\t\t\t<section class=\"ob-is-breaking-bad elementor-section elementor-top-section elementor-element elementor-element-21761f0 elementor-section-boxed elementor-section-height-default elementor-section-height-default\" data-id=\"21761f0\" data-element_type=\"section\" data-e-type=\"section\" data-settings=\"{&quot;_ob_bbad_use_it&quot;:&quot;yes&quot;,&quot;_ob_bbad_sssic_use&quot;:&quot;no&quot;,&quot;_ob_glider_is_slider&quot;:&quot;no&quot;}\">\n\t\t\t\t\t\t<div class=\"elementor-container elementor-column-gap-default\">\n\t\t\t\t\t<div class=\"elementor-column elementor-col-100 elementor-top-column elementor-element elementor-element-ba693bd\" data-id=\"ba693bd\" data-element_type=\"column\" data-e-type=\"column\" data-settings=\"{&quot;_ob_bbad_is_stalker&quot;:&quot;no&quot;,&quot;_ob_teleporter_use&quot;:false,&quot;_ob_column_hoveranimator&quot;:&quot;no&quot;,&quot;_ob_column_has_pseudo&quot;:&quot;no&quot;}\">\n\t\t\t<div class=\"elementor-widget-wrap elementor-element-populated\">\n\t\t\t\t\t\t<div class=\"elementor-element elementor-element-c8ae074 elementor-widget-divider--view-line ob-has-background-overlay elementor-widget elementor-widget-divider\" data-id=\"c8ae074\" data-element_type=\"widget\" data-e-type=\"widget\" data-settings=\"{&quot;_ob_perspektive_use&quot;:&quot;no&quot;,&quot;_ob_poopart_use&quot;:&quot;yes&quot;,&quot;_ob_shadough_use&quot;:&quot;no&quot;,&quot;_ob_allow_hoveranimator&quot;:&quot;no&quot;,&quot;_ob_widget_stalker_use&quot;:&quot;no&quot;}\" data-widget_type=\"divider.default\">\n\t\t\t\t<div class=\"elementor-widget-container\">\n\t\t\t\t\t\t\t<div class=\"elementor-divider\">\n\t\t\t<span class=\"elementor-divider-separator\">\n\t\t\t\t\t\t<\/span>\n\t\t<\/div>\n\t\t\t\t\t\t<\/div>\n\t\t\t\t<\/div>\n\t\t\t\t\t<\/div>\n\t\t<\/div>\n\t\t\t\t\t<\/div>\n\t\t<\/section>\n\t\t\t\t<section class=\"ob-is-breaking-bad elementor-section elementor-top-section elementor-element elementor-element-b10bb34 elementor-section-boxed elementor-section-height-default elementor-section-height-default\" data-id=\"b10bb34\" data-element_type=\"section\" data-e-type=\"section\" data-settings=\"{&quot;_ob_bbad_use_it&quot;:&quot;yes&quot;,&quot;_ob_bbad_sssic_use&quot;:&quot;no&quot;,&quot;_ob_glider_is_slider&quot;:&quot;no&quot;}\">\n\t\t\t\t\t\t<div class=\"elementor-container elementor-column-gap-default\">\n\t\t\t\t\t\t<\/div>\n\t\t<\/section>\n\t\t\t\t<section class=\"ob-is-breaking-bad elementor-section elementor-top-section elementor-element elementor-element-a0ba7d0 elementor-section-boxed elementor-section-height-default elementor-section-height-default\" data-id=\"a0ba7d0\" data-element_type=\"section\" data-e-type=\"section\" data-settings=\"{&quot;_ob_bbad_use_it&quot;:&quot;yes&quot;,&quot;_ob_bbad_sssic_use&quot;:&quot;no&quot;,&quot;_ob_glider_is_slider&quot;:&quot;no&quot;}\">\n\t\t\t\t\t\t<div class=\"elementor-container elementor-column-gap-default\">\n\t\t\t\t\t<div class=\"elementor-column elementor-col-100 elementor-top-column elementor-element elementor-element-38be0d57\" data-id=\"38be0d57\" data-element_type=\"column\" data-e-type=\"column\" data-settings=\"{&quot;_ob_bbad_is_stalker&quot;:&quot;no&quot;,&quot;_ob_teleporter_use&quot;:false,&quot;_ob_column_hoveranimator&quot;:&quot;no&quot;,&quot;_ob_column_has_pseudo&quot;:&quot;no&quot;}\">\n\t\t\t<div class=\"elementor-widget-wrap elementor-element-populated\">\n\t\t\t\t\t\t<div class=\"elementor-element elementor-element-7ce03507 ob-harakiri-inherit ob-has-background-overlay elementor-widget elementor-widget-text-editor\" data-id=\"7ce03507\" data-element_type=\"widget\" data-e-type=\"widget\" data-settings=\"{&quot;_ob_use_harakiri&quot;:&quot;yes&quot;,&quot;_ob_harakiri_writing_mode&quot;:&quot;inherit&quot;,&quot;_ob_postman_use&quot;:&quot;no&quot;,&quot;_ob_perspektive_use&quot;:&quot;no&quot;,&quot;_ob_poopart_use&quot;:&quot;yes&quot;,&quot;_ob_shadough_use&quot;:&quot;no&quot;,&quot;_ob_allow_hoveranimator&quot;:&quot;no&quot;,&quot;_ob_widget_stalker_use&quot;:&quot;no&quot;}\" data-widget_type=\"text-editor.default\">\n\t\t\t\t<div class=\"elementor-widget-container\">\n\t\t\t\t\t\t\t\t\t\n<p>Prin intermediul Departamentului rela\u021bii interna\u021bionale, \u015ecoala Na\u021bional\u0103 de Grefieri implementeaz\u0103 programe cu finan\u0163are extern\u0103 \u015fi dezvolt\u0103 rela\u0163ii de cooperare cu&nbsp; parteneri externi, precum \u015fcoli sau institu\u0163ii de formare a personalului auxiliar de specialitate din justi\u0163ie,&nbsp; institu\u0163ii \u015fi organisme interna\u0163ionale, reprezentan\u0163e diplomatice din Rom\u00e2nia, \u00een vederea \u00eent\u0103ririi&nbsp; capacit\u0103\u0163ii institu\u0163ionale \u015fi a \u00eembun\u0103t\u0103\u0163irii activit\u0103\u0163ii sale.<\/p>\n\n\n\n<figure class=\"wp-block-image size-large\"><img fetchpriority=\"high\" decoding=\"async\" width=\"960\" height=\"640\" src=\"http:\/\/www.grefieri.ro:808\/wp-content\/uploads\/2021\/04\/hands-3331216_960_720.jpg\" alt=\"\" class=\"wp-image-10829\" srcset=\"https:\/\/www.grefieri.ro\/wp-content\/uploads\/2021\/04\/hands-3331216_960_720.jpg 960w, https:\/\/www.grefieri.ro\/wp-content\/uploads\/2021\/04\/hands-3331216_960_720-300x200.jpg 300w, https:\/\/www.grefieri.ro\/wp-content\/uploads\/2021\/04\/hands-3331216_960_720-768x512.jpg 768w\" sizes=\"(max-width: 960px) 100vw, 960px\" \/><\/figure>\n\n\n\n<p>Potrivit art. 59 din Hot\u0103r\u00e2rea nr. 183\/2007, privind Regulamentul de organizare \u0219i func\u021bionare al \u0218colii Na\u021bionale de Grefieri, atribu\u021biile Departamentului rela\u021bii interna\u021bionale sunt urm\u0103toarele:\u00a0<\/p>\n\n\n\n<ul class=\"wp-block-list\"><li>reprezint\u0103 institu\u021bia, \u00een limita mandatului acordat de director, \u00een rela\u021biile cu partenerii externi;<\/li><li>identific\u0103 poten\u021bialii parteneri externi, precum \u0219i domeniile \u0219i modalit\u0103\u021bile practice de cooperare bilateral\u0103, \u00een vederea extinderii rela\u021biilor de cooperare cu ace\u0219tia;<\/li><li>identific\u0103 domeniile de interven\u0163ie \u00een care este necesar\u0103 elaborarea de proiecte interna\u021bionale, precum \u015fi sursele de finan\u0163are extern\u0103;<\/li><li>elaboreaz\u0103 documenta\u021bia tehnic\u0103 specific\u0103 proiectelor de cooperare bilateral\u0103 \u0219i a proiectelor cu finan\u021bare extern\u0103, cu colaborarea departamentelor de specialitate \u0219i sub coordonarea directorului SNG;<\/li><li>particip\u0103 la proceduri de licita\u021bii pentru selectarea contractorilor \u0219i evaluarea ofertelor \u00een cadrul proiectelor cu finan\u021bare extern\u0103;<\/li><li>asigur\u0103, coordoneaz\u0103 \u0219i monitorizeaz\u0103 activit\u0103\u021bile de implementare a proiectelor de cooperare bilateral\u0103, precum \u0219i a proiectelor cu finan\u021bare extern\u0103, prin particip\u0103ri la reuniuni, \u0219edin\u021be cu partenerii str\u0103ini \u0219i rom\u00e2ni, realizarea coresponden\u021bei \u0219i a traducerii documentelor aferente acestor proiecte;<\/li><li>\u021bine eviden\u021ba general\u0103 a repartiz\u0103rii \u015fi utiliz\u0103rii bunurilor achizi\u021bionate \u00een cadrul proiectelor cu\u00a0 finan\u021bare extern\u0103, conform destina\u021biei \u015fi scopului prev\u0103zute de program;\u00a0\u00a0<\/li><li>\u00eentocme\u0219te situa\u021bii, rapoarte \u015fi baze de date aferente proiectelor de cooperare bilateral\u0103 \u015fi\u00a0 proiectelor\u00a0 cu finan\u0163are extern\u0103 implementate \u00een beneficiul \u015ecolii;\u00a0\u00a0<\/li><li>exercit\u0103 atribu\u0163iile aferente misiunilor cu caracter temporar \u00een str\u0103in\u0103tate.\u00a0<br><br>De asemenea, formatorii din cadrul DRI sprijin\u0103 realizarea activit\u0103\u021bilor \u0218colii \u00een ceea ce prive\u0219te componentele de formare ini\u021bial\u0103 \u0219i continu\u0103, inclusiv prin realizarea unor materiale \u0219i desf\u0103\u0219urarea activit\u0103\u021bii didactice.<\/li><\/ul>\n\t\t\t\t\t\t\t\t<\/div>\n\t\t\t\t<\/div>\n\t\t\t\t\t<\/div>\n\t\t<\/div>\n\t\t\t\t\t<\/div>\n\t\t<\/section>\n\t\t\t\t<\/div>\n\t\t","protected":false},"excerpt":{"rendered":"<p>Activitate DRI Prin intermediul Departamentului rela\u021bii interna\u021bionale, \u015ecoala Na\u021bional\u0103 de Grefieri implementeaz\u0103 programe cu finan\u0163are extern\u0103 \u015fi dezvolt\u0103 rela\u0163ii de cooperare cu&nbsp; parteneri externi, precum \u015fcoli sau institu\u0163ii de formare a personalului auxiliar de specialitate din justi\u0163ie,&nbsp; institu\u0163ii \u015fi organisme interna\u0163ionale, reprezentan\u0163e diplomatice din Rom\u00e2nia, \u00een vederea \u00eent\u0103ririi&nbsp; capacit\u0103\u0163ii institu\u0163ionale \u015fi a \u00eembun\u0103t\u0103\u0163irii activit\u0103\u0163ii sale. [&hellip;]<\/p>\n","protected":false},"author":4,"featured_media":4988,"parent":1724,"menu_order":0,"comment_status":"closed","ping_status":"closed","template":"","meta":{"footnotes":""},"class_list":["post-1676","page","type-page","status-publish","has-post-thumbnail","hentry"],"publishpress_future_action":{"enabled":false,"date":"2026-04-24 10:11:51","action":"change-status","newStatus":"draft","terms":[],"taxonomy":"page_cat","extraData":[]},"publishpress_future_workflow_manual_trigger":{"enabledWorkflows":[]},"_links":{"self":[{"href":"https:\/\/www.grefieri.ro\/index.php?rest_route=\/wp\/v2\/pages\/1676","targetHints":{"allow":["GET"]}}],"collection":[{"href":"https:\/\/www.grefieri.ro\/index.php?rest_route=\/wp\/v2\/pages"}],"about":[{"href":"https:\/\/www.grefieri.ro\/index.php?rest_route=\/wp\/v2\/types\/page"}],"author":[{"embeddable":true,"href":"https:\/\/www.grefieri.ro\/index.php?rest_route=\/wp\/v2\/users\/4"}],"replies":[{"embeddable":true,"href":"https:\/\/www.grefieri.ro\/index.php?rest_route=%2Fwp%2Fv2%2Fcomments&post=1676"}],"version-history":[{"count":10,"href":"https:\/\/www.grefieri.ro\/index.php?rest_route=\/wp\/v2\/pages\/1676\/revisions"}],"predecessor-version":[{"id":10842,"href":"https:\/\/www.grefieri.ro\/index.php?rest_route=\/wp\/v2\/pages\/1676\/revisions\/10842"}],"up":[{"embeddable":true,"href":"https:\/\/www.grefieri.ro\/index.php?rest_route=\/wp\/v2\/pages\/1724"}],"wp:featuredmedia":[{"embeddable":true,"href":"https:\/\/www.grefieri.ro\/index.php?rest_route=\/wp\/v2\/media\/4988"}],"wp:attachment":[{"href":"https:\/\/www.grefieri.ro\/index.php?rest_route=%2Fwp%2Fv2%2Fmedia&parent=1676"}],"curies":[{"name":"wp","href":"https:\/\/api.w.org\/{rel}","templated":true}]}}