{"id":11816,"date":"2021-05-10T10:39:06","date_gmt":"2021-05-10T10:39:06","guid":{"rendered":"http:\/\/www.grefieri.ro:808\/?page_id=11816"},"modified":"2023-10-30T07:29:34","modified_gmt":"2023-10-30T07:29:34","slug":"elementor-11816","status":"publish","type":"page","link":"https:\/\/www.grefieri.ro\/?page_id=11816","title":{"rendered":"Echipa MFN"},"content":{"rendered":"\t\t<div data-elementor-type=\"wp-page\" data-elementor-id=\"11816\" class=\"elementor elementor-11816\" data-elementor-post-type=\"page\">\n\t\t\t\t\t\t<section class=\"ob-is-breaking-bad elementor-section elementor-top-section elementor-element elementor-element-2b4ba45 elementor-section-boxed elementor-section-height-default elementor-section-height-default\" data-id=\"2b4ba45\" data-element_type=\"section\" data-e-type=\"section\" data-settings=\"{&quot;_ob_bbad_use_it&quot;:&quot;yes&quot;,&quot;_ob_bbad_sssic_use&quot;:&quot;no&quot;,&quot;_ob_glider_is_slider&quot;:&quot;no&quot;}\">\n\t\t\t\t\t\t<div class=\"elementor-container elementor-column-gap-default\">\n\t\t\t\t\t<div class=\"elementor-column elementor-col-100 elementor-top-column elementor-element elementor-element-51e2df5\" data-id=\"51e2df5\" data-element_type=\"column\" data-e-type=\"column\" data-settings=\"{&quot;_ob_bbad_is_stalker&quot;:&quot;no&quot;,&quot;_ob_teleporter_use&quot;:false,&quot;_ob_column_hoveranimator&quot;:&quot;no&quot;,&quot;_ob_column_has_pseudo&quot;:&quot;no&quot;}\">\n\t\t\t<div class=\"elementor-widget-wrap elementor-element-populated\">\n\t\t\t\t\t\t<div class=\"elementor-element elementor-element-ca6ef53 ob-harakiri-inherit ob-has-background-overlay elementor-widget elementor-widget-text-editor\" data-id=\"ca6ef53\" data-element_type=\"widget\" data-e-type=\"widget\" data-settings=\"{&quot;_ob_use_harakiri&quot;:&quot;yes&quot;,&quot;_ob_harakiri_writing_mode&quot;:&quot;inherit&quot;,&quot;_ob_postman_use&quot;:&quot;no&quot;,&quot;_ob_perspektive_use&quot;:&quot;no&quot;,&quot;_ob_poopart_use&quot;:&quot;yes&quot;,&quot;_ob_shadough_use&quot;:&quot;no&quot;,&quot;_ob_allow_hoveranimator&quot;:&quot;no&quot;,&quot;_ob_widget_stalker_use&quot;:&quot;no&quot;}\" data-widget_type=\"text-editor.default\">\n\t\t\t\t<div class=\"elementor-widget-container\">\n\t\t\t\t\t\t\t\t\t<h3><strong>Echipa de proiect<\/strong><\/h3><ol><li>doamna judec\u0103tor Oana Daniela Pogoran, manager de proiect la nivelul SNG de la 27.10.2023;<\/li><li>domnul judec\u0103tor Mihai-Daniel Oni\u0219or, manager de proiect la nivelul SNG de la 09.06.2022 p\u00e2n\u0103 la 20.10.2023;<\/li><li>domnul judec\u0103tor Victor V\u0103duva, manager de proiect la nivelul SNG p\u00e2n\u0103 la 03.06.2022;<\/li><li>doamna grefier Tru\u0219c\u0103 Cristina-Izabela, cu atribu\u021bii \u00een activitatea de implementare, monitorizare \u0219i raportare;<\/li><li>doamna consilier, specialist IT, Cristina P\u0103unescu, cu atribu\u021bii \u00een activitatea de implementare;<\/li><li>doamna consilier superior Daniela Tru\u021b\u0103, cu atribu\u021bii privind aspecte financiare, bugetare \u0219i contabile.<\/li><\/ol>\t\t\t\t\t\t\t\t<\/div>\n\t\t\t\t<\/div>\n\t\t\t\t\t<\/div>\n\t\t<\/div>\n\t\t\t\t\t<\/div>\n\t\t<\/section>\n\t\t\t\t<\/div>\n\t\t","protected":false},"excerpt":{"rendered":"<p>Echipa de proiect doamna judec\u0103tor Oana Daniela Pogoran, manager de proiect la nivelul SNG de la 27.10.2023; domnul judec\u0103tor Mihai-Daniel Oni\u0219or, manager de proiect la nivelul SNG de la 09.06.2022 p\u00e2n\u0103 la 20.10.2023; domnul judec\u0103tor Victor V\u0103duva, manager de proiect la nivelul SNG p\u00e2n\u0103 la 03.06.2022; doamna grefier Tru\u0219c\u0103 Cristina-Izabela, cu atribu\u021bii \u00een activitatea de [&hellip;]<\/p>\n","protected":false},"author":22,"featured_media":0,"parent":0,"menu_order":0,"comment_status":"closed","ping_status":"closed","template":"","meta":{"footnotes":""},"class_list":["post-11816","page","type-page","status-publish","hentry"],"publishpress_future_action":{"enabled":false,"date":"2026-04-24 20:19:33","action":"change-status","newStatus":"draft","terms":[],"taxonomy":"page_cat","extraData":[]},"publishpress_future_workflow_manual_trigger":{"enabledWorkflows":[]},"_links":{"self":[{"href":"https:\/\/www.grefieri.ro\/index.php?rest_route=\/wp\/v2\/pages\/11816","targetHints":{"allow":["GET"]}}],"collection":[{"href":"https:\/\/www.grefieri.ro\/index.php?rest_route=\/wp\/v2\/pages"}],"about":[{"href":"https:\/\/www.grefieri.ro\/index.php?rest_route=\/wp\/v2\/types\/page"}],"author":[{"embeddable":true,"href":"https:\/\/www.grefieri.ro\/index.php?rest_route=\/wp\/v2\/users\/22"}],"replies":[{"embeddable":true,"href":"https:\/\/www.grefieri.ro\/index.php?rest_route=%2Fwp%2Fv2%2Fcomments&post=11816"}],"version-history":[{"count":14,"href":"https:\/\/www.grefieri.ro\/index.php?rest_route=\/wp\/v2\/pages\/11816\/revisions"}],"predecessor-version":[{"id":17092,"href":"https:\/\/www.grefieri.ro\/index.php?rest_route=\/wp\/v2\/pages\/11816\/revisions\/17092"}],"wp:attachment":[{"href":"https:\/\/www.grefieri.ro\/index.php?rest_route=%2Fwp%2Fv2%2Fmedia&parent=11816"}],"curies":[{"name":"wp","href":"https:\/\/api.w.org\/{rel}","templated":true}]}}