{"id":11781,"date":"2021-05-10T09:35:47","date_gmt":"2021-05-10T09:35:47","guid":{"rendered":"http:\/\/www.grefieri.ro:808\/?page_id=11781"},"modified":"2025-08-18T07:40:08","modified_gmt":"2025-08-18T07:40:08","slug":"elementor-11781","status":"publish","type":"page","link":"https:\/\/www.grefieri.ro\/?page_id=11781","title":{"rendered":"Prezentare proiect MFN"},"content":{"rendered":"\t\t<div data-elementor-type=\"wp-page\" data-elementor-id=\"11781\" class=\"elementor elementor-11781\" data-elementor-post-type=\"page\">\n\t\t\t\t\t\t<section class=\"ob-is-breaking-bad elementor-section elementor-top-section elementor-element elementor-element-7134fb5 elementor-section-boxed elementor-section-height-default elementor-section-height-default\" data-id=\"7134fb5\" data-element_type=\"section\" data-e-type=\"section\" data-settings=\"{&quot;_ob_bbad_use_it&quot;:&quot;yes&quot;,&quot;_ob_bbad_sssic_use&quot;:&quot;no&quot;,&quot;_ob_glider_is_slider&quot;:&quot;no&quot;}\">\n\t\t\t\t\t\t<div class=\"elementor-container elementor-column-gap-default\">\n\t\t\t\t\t<div class=\"elementor-column elementor-col-100 elementor-top-column elementor-element elementor-element-f9bae19\" data-id=\"f9bae19\" data-element_type=\"column\" data-e-type=\"column\" data-settings=\"{&quot;_ob_bbad_is_stalker&quot;:&quot;no&quot;,&quot;_ob_teleporter_use&quot;:false,&quot;_ob_column_hoveranimator&quot;:&quot;no&quot;,&quot;_ob_column_has_pseudo&quot;:&quot;no&quot;}\">\n\t\t\t<div class=\"elementor-widget-wrap elementor-element-populated\">\n\t\t\t\t\t\t<div class=\"elementor-element elementor-element-8d169f7 ob-harakiri-inherit ob-has-background-overlay elementor-widget elementor-widget-text-editor\" data-id=\"8d169f7\" data-element_type=\"widget\" data-e-type=\"widget\" data-settings=\"{&quot;_ob_use_harakiri&quot;:&quot;yes&quot;,&quot;_ob_harakiri_writing_mode&quot;:&quot;inherit&quot;,&quot;_ob_postman_use&quot;:&quot;no&quot;,&quot;_ob_perspektive_use&quot;:&quot;no&quot;,&quot;_ob_poopart_use&quot;:&quot;yes&quot;,&quot;_ob_shadough_use&quot;:&quot;no&quot;,&quot;_ob_allow_hoveranimator&quot;:&quot;no&quot;,&quot;_ob_widget_stalker_use&quot;:&quot;no&quot;}\" data-widget_type=\"text-editor.default\">\n\t\t\t\t<div class=\"elementor-widget-container\">\n\t\t\t\t\t\t\t\t\t<p><strong>Consiliul Superior al Magistraturii, \u00een calitate de Promotor de proiect, \u00een parteneriat cu \u0218coala Na\u021bional\u0103 de Grefieri, Institutul Na\u021bional al Magistraturii \u0219i Administra\u021bia Instan\u021belor din Norvegia, implementeaz\u0103 proiectul predefinit <em>\u201eFormarea profesional\u0103 \u0219i consolidarea capacit\u0103\u021bii la nivelul sistemului judiciar\u201d<\/em>, finan\u021bat prin Programul \u201eJusti\u021bie\u201d \u00een cadrul Mecanismului Financiar Norvegian (MFN) 2014-2021.<\/strong><\/p>\n<p><strong>TITLUL PROIECTULUI: <\/strong>Formare profesional\u0103 \u0219i consolidarea capacit\u0103\u021bii sistemului judiciar<\/p>\n<p><strong>PROMOTOR DE PROIECT:<\/strong> Consiliul Superior al Magistraturii<\/p>\n<p><strong>PARTENERI:<\/strong>&nbsp;Administra\u021bia Instan\u021belor (Norvegia), \u0218coala Na\u021bional\u0103 de Grefieri \u0219i Institutul Na\u021bional al Magistraturii.<\/p>\n<p><strong>OBIECTIV GENERAL:&nbsp;<\/strong>Consolidarea sistemului judiciar prin \u00eembun\u0103t\u0103\u021birea eficien\u021bei acestuia, precum \u0219i dezvoltarea conceptului de cultur\u0103 juridic\u0103 european\u0103 la nivelul sistemului judiciar din Rom\u00e2nia.<\/p>\n<p><strong>REZULTATE:<\/strong><\/p>\n<p>Proiectul \u00ee\u0219i propune s\u0103 ating\u0103 urm\u0103toarele rezultate:<\/p>\n<ol>\n<li>Realizarea form\u0103rii profesionale \u00een ceea ce prive\u0219te conceptele legale europene \u00een domenii actuale in vederea cre\u0219terii eficien\u021bei \u0219i calit\u0103\u021bii procesului de luare a deciziilor la nivelul sistemului;<\/li>\n<li>Realizarea form\u0103rii profesionale \u00een domeniul tehnicilor de audiere a minorilor, asigur\u00e2nd astfel crearea unui mediu judiciar favorabil minorilor;<\/li>\n<li>\u00cembun\u0103t\u0103\u021birea accesului la justi\u021bie, \u00een special pentru grupurile vulnerabile, inclusiv prin cooperarea c\u00e2t mai deschis\u0103 cu autorit\u0103\u021bile publice cu competen\u021be \u00een domeniu, precum \u0219i cu organiza\u021biile non-guvernamentale;<\/li>\n<li>Consolidarea capacit\u0103\u021bii administrative \u0219i a eficien\u021bei sistemului judiciar prin dezvoltarea infrastructurii tehnice \u0219i IT.<\/li>\n<\/ol>\n<p>\u00cen cadrul proiectului se vor organiza peste 130 de activit\u0103\u021bi de formare profesional\u0103, \u00een domenii precum achizi\u021bii publice, reguli procedurale aplicabile litigiilor administrative, procedura fiscal\u0103 &#8211; executarea silit\u0103 fiscal\u0103, formarea practic\u0103 a personalului auxiliar, jurispruden\u021ba Cur\u021bii Europene a Drepturilor Omului, executarea pedepselor \u0219i a m\u0103surilor privative de libertate dispuse de organele judiciare \u00een cursul procesului penal, cooperare judiciar\u0103 \u00een materie civil\u0103 \u0219i penal\u0103, tehnici de audiere a minorilor \u0219i \u00eembun\u0103t\u0103\u021birea accesului la justi\u021bie pentru grupurile vulnerabile, cu accent pe popula\u021bia rom\u0103.<\/p>\n<p>\u00cen cadrul componentei proiectului privind formarea personalului auxiliar de specialitate din cadrul instan\u021belor judec\u0103tore\u0219ti, au fost organizate 20 de ac\u021biuni de formare profesional\u0103, structurate pe dou\u0103 paliere \u2013 managementul activit\u0103\u021bii grefierului de \u0219edin\u021b\u0103 la \u00eenceput de carier\u0103 (distinct, \u00een materie civil\u0103, respectiv penal\u0103), respectiv \u2013 managementul activit\u0103\u021bii grefierului dup\u0103 \u0219edin\u021ba de judecat\u0103 \u2013 tehnici\/standarde comune pentru redactarea \u00eencheierilor \u0219i a hot\u0103r\u00e2rilor judec\u0103tore\u0219ti (distinct, \u00een materie civil\u0103, respectiv \u00een materie penal\u0103).<\/p>\n<p>De aceste ac\u021biuni de formare au beneficiat 308 grefieri din instan\u021bele judec\u0103tore\u0219ti, inclusiv grefieri afla\u021bi la \u00eenceput de carier\u0103 (grefieri de \u0219edin\u021b\u0103 care au studii medii sau studii superioare juridice \u0219i care nu au absolvit cursurile SNG \u0219i nici nu au o vechime mai mare de 5 ani \u00een sistemul judiciar, pentru care activit\u0103\u021bile de formare sunt concepute \u00een a\u0219a fel \u00eenc\u00e2t s\u0103 se urm\u0103reasc\u0103 \u00eenl\u0103turarea disparit\u0103\u021bilor de preg\u0103tire profesional\u0103 fa\u021b\u0103 de absolven\u021bii SNG \u0219i de grefierii cu o vechime mai mare de 5 ani \u00een sistemul judiciar).<\/p>\n<p><strong>DATA DE \u00ceNCEPERE: <\/strong>28 februarie 2019<\/p>\n<p><strong>PERIOADA DE IMPLEMENTARE: <\/strong>62 de luni<\/p>\n<p><strong>VALOARE TOTALA: <\/strong>Valoarea total\u0103 a proiectului care face obiectul contractului de finan\u021bare este de 19.495.910 lei, respectiv 4.100.000 de euro, const\u00e2nd \u00een 85% fonduri externe nerambursabile norvegiene \u0219i 15% cofinan\u021bare public\u0103 asigurat\u0103 prin bugetul Operatorului de program- Ministerul Justi\u021biei<\/p>\n<p><strong>SURSA DE FINANTARE:&nbsp;<\/strong>Programul \u201eJusti\u021bie\u201d, finan\u021bat \u00een cadrul Mecanismului Financiar Norvegian (MFN) 2014-2021 . Informa\u021bii detaliate privind sursa de finan\u021bare se reg\u0103sesc pe paginile de internet <a href=\"https:\/\/eeagrants.org\/\" target=\"_blank\" rel=\"noopener\">https:\/\/eeagrants.org<\/a>&nbsp;\u015fi&nbsp;<a href=\"https:\/\/www.eeagrants.ro\/\" target=\"_blank\" rel=\"noopener\">www.eeagrants.ro<\/a>&nbsp;.<\/p>\n<p><strong>OPERATOR DE PROGRAM<\/strong>:&nbsp;<a href=\"http:\/\/www.just.ro\/\" target=\"_blank\" rel=\"noopener\">Ministerul Justi\u0163iei<\/a><\/p>\n<p><strong>COMUNICATE DE PRESA: <\/strong><a href=\"https:\/\/www.csm1909.ro\/PageDetails.aspx?Type=Title&amp;FolderId=6800#\" target=\"_blank\" rel=\"noopener\">Comunicat de presa privind lansarea proiectului<\/a> (data publicare: martie 2019)<\/p>\n<p><strong>SITE-UL PROIECTULUI:&nbsp;<\/strong> <a href=\"https:\/\/sites.google.com\/csm.csm1909.ro\/mfn-2014-2021\"><em>https:\/\/sites.google.com\/csm.csm1909.ro\/mfn-2014-2021<\/em><\/a><\/p>\t\t\t\t\t\t\t\t<\/div>\n\t\t\t\t<\/div>\n\t\t\t\t\t<\/div>\n\t\t<\/div>\n\t\t\t\t\t<\/div>\n\t\t<\/section>\n\t\t\t\t<section class=\"ob-is-breaking-bad elementor-section elementor-top-section elementor-element elementor-element-1d73829 elementor-section-boxed elementor-section-height-default elementor-section-height-default\" data-id=\"1d73829\" data-element_type=\"section\" data-e-type=\"section\" data-settings=\"{&quot;_ob_bbad_use_it&quot;:&quot;yes&quot;,&quot;_ob_bbad_sssic_use&quot;:&quot;no&quot;,&quot;_ob_glider_is_slider&quot;:&quot;no&quot;}\">\n\t\t\t\t\t\t<div class=\"elementor-container elementor-column-gap-default\">\n\t\t\t\t\t<div class=\"elementor-column elementor-col-100 elementor-top-column elementor-element elementor-element-084b8d2\" data-id=\"084b8d2\" data-element_type=\"column\" data-e-type=\"column\" data-settings=\"{&quot;_ob_bbad_is_stalker&quot;:&quot;no&quot;,&quot;_ob_teleporter_use&quot;:false,&quot;_ob_column_hoveranimator&quot;:&quot;no&quot;,&quot;_ob_column_has_pseudo&quot;:&quot;no&quot;}\">\n\t\t\t<div class=\"elementor-widget-wrap elementor-element-populated\">\n\t\t\t\t\t\t<div class=\"elementor-element elementor-element-fb3595e ob-has-background-overlay elementor-widget elementor-widget-gallery\" data-id=\"fb3595e\" data-element_type=\"widget\" data-e-type=\"widget\" data-settings=\"{&quot;columns&quot;:5,&quot;lazyload&quot;:&quot;yes&quot;,&quot;gallery_layout&quot;:&quot;grid&quot;,&quot;columns_tablet&quot;:2,&quot;columns_mobile&quot;:1,&quot;gap&quot;:{&quot;unit&quot;:&quot;px&quot;,&quot;size&quot;:10,&quot;sizes&quot;:[]},&quot;gap_tablet&quot;:{&quot;unit&quot;:&quot;px&quot;,&quot;size&quot;:10,&quot;sizes&quot;:[]},&quot;gap_mobile&quot;:{&quot;unit&quot;:&quot;px&quot;,&quot;size&quot;:10,&quot;sizes&quot;:[]},&quot;link_to&quot;:&quot;file&quot;,&quot;aspect_ratio&quot;:&quot;3:2&quot;,&quot;overlay_background&quot;:&quot;yes&quot;,&quot;content_hover_animation&quot;:&quot;fade-in&quot;,&quot;_ob_perspektive_use&quot;:&quot;no&quot;,&quot;_ob_poopart_use&quot;:&quot;yes&quot;,&quot;_ob_shadough_use&quot;:&quot;no&quot;,&quot;_ob_allow_hoveranimator&quot;:&quot;no&quot;,&quot;_ob_widget_stalker_use&quot;:&quot;no&quot;}\" data-widget_type=\"gallery.default\">\n\t\t\t\t<div class=\"elementor-widget-container\">\n\t\t\t\t\t\t\t<div class=\"elementor-gallery__container\">\r\n\t\t\t\t\t\t\t<a class=\"e-gallery-item elementor-gallery-item elementor-animated-content\" href=\"https:\/\/www.grefieri.ro\/wp-content\/uploads\/2021\/05\/IMG-20210311-WA0004.jpg\" data-elementor-open-lightbox=\"yes\" data-elementor-lightbox-slideshow=\"fb3595e\" data-elementor-lightbox-title=\"IMG-20210311-WA0004\" data-e-action-hash=\"#elementor-action%3Aaction%3Dlightbox%26settings%3DeyJpZCI6MTE4NTksInVybCI6Imh0dHBzOlwvXC93d3cuZ3JlZmllcmkucm9cL3dwLWNvbnRlbnRcL3VwbG9hZHNcLzIwMjFcLzA1XC9JTUctMjAyMTAzMTEtV0EwMDA0LmpwZyIsInNsaWRlc2hvdyI6ImZiMzU5NWUifQ%3D%3D\">\r\n\t\t\t\t\t<div class=\"e-gallery-image elementor-gallery-item__image\" data-thumbnail=\"https:\/\/www.grefieri.ro\/wp-content\/uploads\/2021\/05\/IMG-20210311-WA0004-225x300.jpg\" data-width=\"225\" data-height=\"300\" aria-label=\"\" role=\"img\" ><\/div>\r\n\t\t\t\t\t\t\t\t\t\t\t<div class=\"elementor-gallery-item__overlay\"><\/div>\r\n\t\t\t\t\t\t\t\t\t\t\t\t\t\t<\/a>\r\n\t\t\t\t\t\t\t<a class=\"e-gallery-item elementor-gallery-item elementor-animated-content\" href=\"https:\/\/www.grefieri.ro\/wp-content\/uploads\/2021\/05\/IMG_1636-scaled.jpg\" data-elementor-open-lightbox=\"yes\" data-elementor-lightbox-slideshow=\"fb3595e\" data-elementor-lightbox-title=\"IMG_1636\" data-e-action-hash=\"#elementor-action%3Aaction%3Dlightbox%26settings%3DeyJpZCI6MTE4NjAsInVybCI6Imh0dHBzOlwvXC93d3cuZ3JlZmllcmkucm9cL3dwLWNvbnRlbnRcL3VwbG9hZHNcLzIwMjFcLzA1XC9JTUdfMTYzNi1zY2FsZWQuanBnIiwic2xpZGVzaG93IjoiZmIzNTk1ZSJ9\">\r\n\t\t\t\t\t<div class=\"e-gallery-image elementor-gallery-item__image\" data-thumbnail=\"https:\/\/www.grefieri.ro\/wp-content\/uploads\/2021\/05\/IMG_1636-300x200.jpg\" data-width=\"300\" data-height=\"200\" aria-label=\"\" role=\"img\" ><\/div>\r\n\t\t\t\t\t\t\t\t\t\t\t<div class=\"elementor-gallery-item__overlay\"><\/div>\r\n\t\t\t\t\t\t\t\t\t\t\t\t\t\t<\/a>\r\n\t\t\t\t\t\t\t<a class=\"e-gallery-item elementor-gallery-item elementor-animated-content\" href=\"https:\/\/www.grefieri.ro\/wp-content\/uploads\/2021\/05\/IMG_1635-scaled.jpg\" data-elementor-open-lightbox=\"yes\" data-elementor-lightbox-slideshow=\"fb3595e\" data-elementor-lightbox-title=\"IMG_1635\" data-e-action-hash=\"#elementor-action%3Aaction%3Dlightbox%26settings%3DeyJpZCI6MTE4NjQsInVybCI6Imh0dHBzOlwvXC93d3cuZ3JlZmllcmkucm9cL3dwLWNvbnRlbnRcL3VwbG9hZHNcLzIwMjFcLzA1XC9JTUdfMTYzNS1zY2FsZWQuanBnIiwic2xpZGVzaG93IjoiZmIzNTk1ZSJ9\">\r\n\t\t\t\t\t<div class=\"e-gallery-image elementor-gallery-item__image\" data-thumbnail=\"https:\/\/www.grefieri.ro\/wp-content\/uploads\/2021\/05\/IMG_1635-300x200.jpg\" data-width=\"300\" data-height=\"200\" aria-label=\"\" role=\"img\" ><\/div>\r\n\t\t\t\t\t\t\t\t\t\t\t<div class=\"elementor-gallery-item__overlay\"><\/div>\r\n\t\t\t\t\t\t\t\t\t\t\t\t\t\t<\/a>\r\n\t\t\t\t\t\t\t<a class=\"e-gallery-item elementor-gallery-item elementor-animated-content\" href=\"https:\/\/www.grefieri.ro\/wp-content\/uploads\/2021\/05\/IMG_1621-scaled.jpg\" data-elementor-open-lightbox=\"yes\" data-elementor-lightbox-slideshow=\"fb3595e\" data-elementor-lightbox-title=\"IMG_1621\" data-e-action-hash=\"#elementor-action%3Aaction%3Dlightbox%26settings%3DeyJpZCI6MTE4NjMsInVybCI6Imh0dHBzOlwvXC93d3cuZ3JlZmllcmkucm9cL3dwLWNvbnRlbnRcL3VwbG9hZHNcLzIwMjFcLzA1XC9JTUdfMTYyMS1zY2FsZWQuanBnIiwic2xpZGVzaG93IjoiZmIzNTk1ZSJ9\">\r\n\t\t\t\t\t<div class=\"e-gallery-image elementor-gallery-item__image\" data-thumbnail=\"https:\/\/www.grefieri.ro\/wp-content\/uploads\/2021\/05\/IMG_1621-300x200.jpg\" data-width=\"300\" data-height=\"200\" aria-label=\"\" role=\"img\" ><\/div>\r\n\t\t\t\t\t\t\t\t\t\t\t<div class=\"elementor-gallery-item__overlay\"><\/div>\r\n\t\t\t\t\t\t\t\t\t\t\t\t\t\t<\/a>\r\n\t\t\t\t\t\t\t<a class=\"e-gallery-item elementor-gallery-item elementor-animated-content\" href=\"https:\/\/www.grefieri.ro\/wp-content\/uploads\/2021\/05\/IMG_2601-scaled.jpg\" data-elementor-open-lightbox=\"yes\" data-elementor-lightbox-slideshow=\"fb3595e\" data-elementor-lightbox-title=\"IMG_2601\" data-e-action-hash=\"#elementor-action%3Aaction%3Dlightbox%26settings%3DeyJpZCI6MTE4NjEsInVybCI6Imh0dHBzOlwvXC93d3cuZ3JlZmllcmkucm9cL3dwLWNvbnRlbnRcL3VwbG9hZHNcLzIwMjFcLzA1XC9JTUdfMjYwMS1zY2FsZWQuanBnIiwic2xpZGVzaG93IjoiZmIzNTk1ZSJ9\">\r\n\t\t\t\t\t<div class=\"e-gallery-image elementor-gallery-item__image\" data-thumbnail=\"https:\/\/www.grefieri.ro\/wp-content\/uploads\/2021\/05\/IMG_2601-300x200.jpg\" data-width=\"300\" data-height=\"200\" aria-label=\"\" role=\"img\" ><\/div>\r\n\t\t\t\t\t\t\t\t\t\t\t<div class=\"elementor-gallery-item__overlay\"><\/div>\r\n\t\t\t\t\t\t\t\t\t\t\t\t\t\t<\/a>\r\n\t\t\t\t\t<\/div>\r\n\t\t\t\t\t<\/div>\n\t\t\t\t<\/div>\n\t\t\t\t\t<\/div>\n\t\t<\/div>\n\t\t\t\t\t<\/div>\n\t\t<\/section>\n\t\t\t\t<section class=\"ob-is-breaking-bad elementor-section elementor-top-section elementor-element elementor-element-f293c66 elementor-section-boxed elementor-section-height-default elementor-section-height-default\" data-id=\"f293c66\" data-element_type=\"section\" data-e-type=\"section\" data-settings=\"{&quot;_ob_bbad_use_it&quot;:&quot;yes&quot;,&quot;_ob_bbad_sssic_use&quot;:&quot;no&quot;,&quot;_ob_glider_is_slider&quot;:&quot;no&quot;}\">\n\t\t\t\t\t\t<div class=\"elementor-container elementor-column-gap-default\">\n\t\t\t\t\t<div class=\"elementor-column elementor-col-100 elementor-top-column elementor-element elementor-element-91a63ab\" data-id=\"91a63ab\" data-element_type=\"column\" data-e-type=\"column\" data-settings=\"{&quot;_ob_bbad_is_stalker&quot;:&quot;no&quot;,&quot;_ob_teleporter_use&quot;:false,&quot;_ob_column_hoveranimator&quot;:&quot;no&quot;,&quot;_ob_column_has_pseudo&quot;:&quot;no&quot;}\">\n\t\t\t<div class=\"elementor-widget-wrap elementor-element-populated\">\n\t\t\t\t\t\t<div class=\"elementor-element elementor-element-40a4b20 ob-has-background-overlay elementor-widget elementor-widget-spacer\" data-id=\"40a4b20\" data-element_type=\"widget\" data-e-type=\"widget\" data-settings=\"{&quot;_ob_spacerat_use&quot;:&quot;no&quot;,&quot;_ob_perspektive_use&quot;:&quot;no&quot;,&quot;_ob_poopart_use&quot;:&quot;yes&quot;,&quot;_ob_shadough_use&quot;:&quot;no&quot;,&quot;_ob_allow_hoveranimator&quot;:&quot;no&quot;,&quot;_ob_widget_stalker_use&quot;:&quot;no&quot;}\" data-widget_type=\"spacer.default\">\n\t\t\t\t<div class=\"elementor-widget-container\">\n\t\t\t\t\t\t\t<div class=\"elementor-spacer\">\n\t\t\t<div class=\"elementor-spacer-inner\"><\/div>\n\t\t<\/div>\n\t\t\t\t\t\t<\/div>\n\t\t\t\t<\/div>\n\t\t\t\t\t<\/div>\n\t\t<\/div>\n\t\t\t\t\t<\/div>\n\t\t<\/section>\n\t\t\t\t<section class=\"ob-is-breaking-bad elementor-section elementor-top-section elementor-element elementor-element-5a1fa05 elementor-section-boxed elementor-section-height-default elementor-section-height-default\" data-id=\"5a1fa05\" data-element_type=\"section\" data-e-type=\"section\" data-settings=\"{&quot;_ob_bbad_use_it&quot;:&quot;yes&quot;,&quot;_ob_bbad_sssic_use&quot;:&quot;no&quot;,&quot;_ob_glider_is_slider&quot;:&quot;no&quot;}\">\n\t\t\t\t\t\t<div class=\"elementor-container elementor-column-gap-default\">\n\t\t\t\t\t<div class=\"elementor-column elementor-col-100 elementor-top-column elementor-element elementor-element-d4271e5\" data-id=\"d4271e5\" data-element_type=\"column\" data-e-type=\"column\" data-settings=\"{&quot;_ob_bbad_is_stalker&quot;:&quot;no&quot;,&quot;_ob_teleporter_use&quot;:false,&quot;_ob_column_hoveranimator&quot;:&quot;no&quot;,&quot;_ob_column_has_pseudo&quot;:&quot;no&quot;}\">\n\t\t\t<div class=\"elementor-widget-wrap elementor-element-populated\">\n\t\t\t\t\t\t<div class=\"elementor-element elementor-element-596cfdf ob-has-background-overlay elementor-widget elementor-widget-image\" data-id=\"596cfdf\" data-element_type=\"widget\" data-e-type=\"widget\" data-settings=\"{&quot;_ob_photomorph_use&quot;:&quot;no&quot;,&quot;_ob_perspektive_use&quot;:&quot;no&quot;,&quot;_ob_poopart_use&quot;:&quot;yes&quot;,&quot;_ob_shadough_use&quot;:&quot;no&quot;,&quot;_ob_allow_hoveranimator&quot;:&quot;no&quot;,&quot;_ob_widget_stalker_use&quot;:&quot;no&quot;}\" data-widget_type=\"image.default\">\n\t\t\t\t<div class=\"elementor-widget-container\">\n\t\t\t\t\t\t\t\t\t\t\t\t\t\t\t<img fetchpriority=\"high\" decoding=\"async\" width=\"800\" height=\"104\" src=\"https:\/\/www.grefieri.ro\/wp-content\/uploads\/2021\/05\/MFN_portret_18_05_2021_v3-1024x133.jpg\" class=\"attachment-large size-large wp-image-12131\" alt=\"\" srcset=\"https:\/\/www.grefieri.ro\/wp-content\/uploads\/2021\/05\/MFN_portret_18_05_2021_v3-1024x133.jpg 1024w, https:\/\/www.grefieri.ro\/wp-content\/uploads\/2021\/05\/MFN_portret_18_05_2021_v3-300x39.jpg 300w, https:\/\/www.grefieri.ro\/wp-content\/uploads\/2021\/05\/MFN_portret_18_05_2021_v3-768x100.jpg 768w, https:\/\/www.grefieri.ro\/wp-content\/uploads\/2021\/05\/MFN_portret_18_05_2021_v3-1536x200.jpg 1536w, https:\/\/www.grefieri.ro\/wp-content\/uploads\/2021\/05\/MFN_portret_18_05_2021_v3-2048x266.jpg 2048w\" sizes=\"(max-width: 800px) 100vw, 800px\" \/>\t\t\t\t\t\t\t\t\t\t\t\t\t\t\t<\/div>\n\t\t\t\t<\/div>\n\t\t\t\t\t<\/div>\n\t\t<\/div>\n\t\t\t\t\t<\/div>\n\t\t<\/section>\n\t\t\t\t<\/div>\n\t\t","protected":false},"excerpt":{"rendered":"<p>Consiliul Superior al Magistraturii, \u00een calitate de Promotor de proiect, \u00een parteneriat cu \u0218coala Na\u021bional\u0103 de Grefieri, Institutul Na\u021bional al Magistraturii \u0219i Administra\u021bia Instan\u021belor din Norvegia, implementeaz\u0103 proiectul predefinit \u201eFormarea profesional\u0103 \u0219i consolidarea capacit\u0103\u021bii la nivelul sistemului judiciar\u201d, finan\u021bat prin Programul \u201eJusti\u021bie\u201d \u00een cadrul Mecanismului Financiar Norvegian (MFN) 2014-2021. TITLUL PROIECTULUI: Formare profesional\u0103 \u0219i consolidarea [&hellip;]<\/p>\n","protected":false},"author":22,"featured_media":0,"parent":0,"menu_order":0,"comment_status":"closed","ping_status":"closed","template":"","meta":{"footnotes":""},"class_list":["post-11781","page","type-page","status-publish","hentry"],"publishpress_future_action":{"enabled":false,"date":"2026-04-24 20:19:06","action":"change-status","newStatus":"draft","terms":[],"taxonomy":"page_cat","extraData":[]},"publishpress_future_workflow_manual_trigger":{"enabledWorkflows":[]},"_links":{"self":[{"href":"https:\/\/www.grefieri.ro\/index.php?rest_route=\/wp\/v2\/pages\/11781","targetHints":{"allow":["GET"]}}],"collection":[{"href":"https:\/\/www.grefieri.ro\/index.php?rest_route=\/wp\/v2\/pages"}],"about":[{"href":"https:\/\/www.grefieri.ro\/index.php?rest_route=\/wp\/v2\/types\/page"}],"author":[{"embeddable":true,"href":"https:\/\/www.grefieri.ro\/index.php?rest_route=\/wp\/v2\/users\/22"}],"replies":[{"embeddable":true,"href":"https:\/\/www.grefieri.ro\/index.php?rest_route=%2Fwp%2Fv2%2Fcomments&post=11781"}],"version-history":[{"count":53,"href":"https:\/\/www.grefieri.ro\/index.php?rest_route=\/wp\/v2\/pages\/11781\/revisions"}],"predecessor-version":[{"id":19179,"href":"https:\/\/www.grefieri.ro\/index.php?rest_route=\/wp\/v2\/pages\/11781\/revisions\/19179"}],"wp:attachment":[{"href":"https:\/\/www.grefieri.ro\/index.php?rest_route=%2Fwp%2Fv2%2Fmedia&parent=11781"}],"curies":[{"name":"wp","href":"https:\/\/api.w.org\/{rel}","templated":true}]}}