{"id":11327,"date":"2021-04-15T13:54:23","date_gmt":"2021-04-15T13:54:23","guid":{"rendered":"http:\/\/www.grefieri.ro:808\/?page_id=11327"},"modified":"2021-08-31T10:16:14","modified_gmt":"2021-08-31T10:16:14","slug":"echipa-poca","status":"publish","type":"page","link":"https:\/\/www.grefieri.ro\/?page_id=11327","title":{"rendered":"Echipa POCA"},"content":{"rendered":"\t\t<div data-elementor-type=\"wp-page\" data-elementor-id=\"11327\" class=\"elementor elementor-11327\" data-elementor-post-type=\"page\">\n\t\t\t\t\t\t<section class=\"ob-is-breaking-bad elementor-section elementor-top-section elementor-element elementor-element-084d057 elementor-section-boxed elementor-section-height-default elementor-section-height-default\" data-id=\"084d057\" data-element_type=\"section\" data-e-type=\"section\" data-settings=\"{&quot;_ob_bbad_use_it&quot;:&quot;yes&quot;,&quot;_ob_bbad_sssic_use&quot;:&quot;no&quot;,&quot;_ob_glider_is_slider&quot;:&quot;no&quot;}\">\n\t\t\t\t\t\t<div class=\"elementor-container elementor-column-gap-default\">\n\t\t\t\t\t<div class=\"elementor-column elementor-col-100 elementor-top-column elementor-element elementor-element-aa26d75\" data-id=\"aa26d75\" data-element_type=\"column\" data-e-type=\"column\" data-settings=\"{&quot;background_background&quot;:&quot;classic&quot;,&quot;_ob_bbad_is_stalker&quot;:&quot;no&quot;,&quot;_ob_teleporter_use&quot;:false,&quot;_ob_column_hoveranimator&quot;:&quot;no&quot;,&quot;_ob_column_has_pseudo&quot;:&quot;no&quot;}\">\n\t\t\t<div class=\"elementor-widget-wrap elementor-element-populated\">\n\t\t\t\t\t\t<div class=\"elementor-element elementor-element-443b31c ob-harakiri-inherit ob-has-background-overlay elementor-widget elementor-widget-text-editor\" data-id=\"443b31c\" data-element_type=\"widget\" data-e-type=\"widget\" data-settings=\"{&quot;_ob_use_harakiri&quot;:&quot;yes&quot;,&quot;_ob_harakiri_writing_mode&quot;:&quot;inherit&quot;,&quot;_ob_postman_use&quot;:&quot;no&quot;,&quot;_ob_perspektive_use&quot;:&quot;no&quot;,&quot;_ob_poopart_use&quot;:&quot;yes&quot;,&quot;_ob_shadough_use&quot;:&quot;no&quot;,&quot;_ob_allow_hoveranimator&quot;:&quot;no&quot;,&quot;_ob_widget_stalker_use&quot;:&quot;no&quot;}\" data-widget_type=\"text-editor.default\">\n\t\t\t\t<div class=\"elementor-widget-container\">\n\t\t\t\t\t\t\t\t\t<p><strong style=\"font-family: 'Trebuchet MS', sans-serif; font-size: var( --e-global-typography-text-font-size );\">\u00a0<\/strong><\/p><h2><strong style=\"font-family: 'Trebuchet MS', sans-serif; font-size: var( --e-global-typography-text-font-size );\">Echipa de management a proiectului<\/strong><\/h2><h2>\u00a0<\/h2><p><strong>1. Manager de proiect &#8211; Victor V\u0102DUVA<\/strong><\/p><p><strong>2. Responsabil achizi\u021bii &#8211; M\u0103d\u0103lina CR\u0102CAN\u0102<\/strong><\/p><p><strong>3. Responsabil financiar &#8211; Daniela TRU\u021a\u0102<\/strong><\/p><p><strong>4. Expert IT &#8211; Mihaela &#8211; Cristina P\u0102UNESCU<\/strong><\/p><p><strong>5. Asistent Manager &#8211; Cristina &#8211; Izabela TRU\u0218C\u0102<\/strong><\/p><p><strong>6. Responsabil implementare 1 &#8211; Andreea &#8211; Raluca BRATU<\/strong><\/p><p><strong>7. Responsabil implementare 2 &#8211; Aurelia BULGARU<\/strong><\/p><p><strong>8. Responsabil implementare 3 &#8211; Oana Daniela POGORAN<\/strong><\/p><p><strong>9.\u00a0<\/strong><span style=\"font-weight: bolder; font-size: var( --e-global-typography-text-font-size );\">Responsabil implementare 4 &#8211; vacant<\/span><\/p><p><span style=\"font-weight: bolder; font-size: var( --e-global-typography-text-font-size );\">10.\u00a0<\/span><span style=\"font-weight: bolder; font-size: var( --e-global-typography-text-font-size );\">Responsabil implementare 5 &#8211; Alin &#8211; Georgian BORDEA<\/span><\/p><p><span style=\"font-weight: bolder; font-size: var( --e-global-typography-text-font-size );\">11.\u00a0<\/span><span style=\"font-weight: bolder; font-size: var( --e-global-typography-text-font-size );\">Responsabil implementare 6 &#8211; Gheorghe IFRIM<\/span><\/p><p><span style=\"font-weight: bolder; font-size: var( --e-global-typography-text-font-size );\">12.\u00a0<\/span><span style=\"font-weight: bolder; font-size: var( --e-global-typography-text-font-size );\">Responsabil implementare 7 &#8211; Loredana &#8211; Elena HOLMANU<\/span><\/p><p><span style=\"font-weight: bolder; font-size: var( --e-global-typography-text-font-size );\">13.\u00a0<\/span><span style=\"font-weight: bolder; font-size: var( --e-global-typography-text-font-size );\">Responsabil implementare 8 &#8211; Bogdan &#8211; Marius N\u0102V\u00ceRC\u0102<\/span><\/p><p><span style=\"font-size: var( --e-global-typography-text-font-size ); font-weight: bolder;\">14.\u00a0<\/span><span style=\"font-weight: bolder; font-size: var( --e-global-typography-text-font-size );\">Responsabil implementare 9 &#8211; Geanina ARHIRE<\/span><\/p><p><span style=\"font-size: var( --e-global-typography-text-font-size ); font-weight: bolder;\">15.\u00a0<\/span><span style=\"font-weight: bolder; font-size: var( --e-global-typography-text-font-size );\">Responsabil monitorizare &#8211; Iuliana SPIRIDON<\/span><span style=\"font-size: var( --e-global-typography-text-font-size ); font-weight: bolder;\">\u00a0<\/span><\/p>\t\t\t\t\t\t\t\t<\/div>\n\t\t\t\t<\/div>\n\t\t\t\t\t<\/div>\n\t\t<\/div>\n\t\t\t\t\t<\/div>\n\t\t<\/section>\n\t\t\t\t<\/div>\n\t\t","protected":false},"excerpt":{"rendered":"<p>\u00a0 Echipa de management a proiectului \u00a0 1. Manager de proiect &#8211; Victor V\u0102DUVA 2. Responsabil achizi\u021bii &#8211; M\u0103d\u0103lina CR\u0102CAN\u0102 3. Responsabil financiar &#8211; Daniela TRU\u021a\u0102 4. Expert IT &#8211; Mihaela &#8211; Cristina P\u0102UNESCU 5. Asistent Manager &#8211; Cristina &#8211; Izabela TRU\u0218C\u0102 6. Responsabil implementare 1 &#8211; Andreea &#8211; Raluca BRATU 7. Responsabil implementare 2 [&hellip;]<\/p>\n","protected":false},"author":21,"featured_media":0,"parent":0,"menu_order":0,"comment_status":"closed","ping_status":"closed","template":"","meta":{"footnotes":""},"class_list":["post-11327","page","type-page","status-publish","hentry"],"publishpress_future_action":{"enabled":false,"date":"2026-04-24 16:07:21","action":"change-status","newStatus":"draft","terms":[],"taxonomy":"page_cat","extraData":[]},"publishpress_future_workflow_manual_trigger":{"enabledWorkflows":[]},"_links":{"self":[{"href":"https:\/\/www.grefieri.ro\/index.php?rest_route=\/wp\/v2\/pages\/11327","targetHints":{"allow":["GET"]}}],"collection":[{"href":"https:\/\/www.grefieri.ro\/index.php?rest_route=\/wp\/v2\/pages"}],"about":[{"href":"https:\/\/www.grefieri.ro\/index.php?rest_route=\/wp\/v2\/types\/page"}],"author":[{"embeddable":true,"href":"https:\/\/www.grefieri.ro\/index.php?rest_route=\/wp\/v2\/users\/21"}],"replies":[{"embeddable":true,"href":"https:\/\/www.grefieri.ro\/index.php?rest_route=%2Fwp%2Fv2%2Fcomments&post=11327"}],"version-history":[{"count":25,"href":"https:\/\/www.grefieri.ro\/index.php?rest_route=\/wp\/v2\/pages\/11327\/revisions"}],"predecessor-version":[{"id":12803,"href":"https:\/\/www.grefieri.ro\/index.php?rest_route=\/wp\/v2\/pages\/11327\/revisions\/12803"}],"wp:attachment":[{"href":"https:\/\/www.grefieri.ro\/index.php?rest_route=%2Fwp%2Fv2%2Fmedia&parent=11327"}],"curies":[{"name":"wp","href":"https:\/\/api.w.org\/{rel}","templated":true}]}}